{"id":30849,"date":"2026-01-02T09:12:14","date_gmt":"2026-01-02T08:12:14","guid":{"rendered":"https:\/\/amtest-group.com\/product\/nordson-test-inspection-2\/"},"modified":"2026-01-30T12:43:33","modified_gmt":"2026-01-30T11:43:33","slug":"nordson-test-inspection-2","status":"publish","type":"product","link":"https:\/\/amtest-group.com\/sk\/product\/nordson-test-inspection-2\/","title":{"rendered":"Nordson Test &#038; Inspection"},"content":{"rendered":"<p>Spolo\u010dnos\u0165 <strong>Nordson Test &amp; Inspection<\/strong> stoj\u00ed na \u010dele v\u00fdvoja optickej in\u0161pekcie a prin\u00e1\u0161a inteligentn\u00e9, vysoko presn\u00e9 rie\u0161enia pre modern\u00fa v\u00fdrobu elektroniky.<\/p>\n<p>AOI a 3D in\u0161pek\u010dn\u00e9 syst\u00e9my kombinuj\u00fa pokro\u010dil\u00e9 zobrazovacie technol\u00f3gie, algoritmy umelej inteligencie a analytiku v re\u00e1lnom \u010dase s cie\u013eom odhali\u0165 aj tie najmen\u0161ie chyby s v\u00fdnimo\u010dnou presnos\u0165ou.<\/p>\n","protected":false},"excerpt":{"rendered":"<p>Spolo\u010dnos\u0165 Nordson Test &amp; Inspection stoj\u00ed na \u010dele v\u00fdvoja optickej in\u0161pekcie a prin\u00e1\u0161a inteligentn\u00e9, vysoko presn\u00e9 rie\u0161enia pre modern\u00fa v\u00fdrobu elektroniky. AOI a 3D in\u0161pek\u010dn\u00e9 syst\u00e9my kombinuj\u00fa pokro\u010dil\u00e9 zobrazovacie technol\u00f3gie, algoritmy umelej inteligencie a analytiku v re\u00e1lnom \u010dase s cie\u013eom odhali\u0165 aj tie najmen\u0161ie chyby s v\u00fdnimo\u010dnou presnos\u0165ou.<\/p>\n","protected":false},"featured_media":0,"parent":0,"menu_order":0,"template":"template-product.php","meta":{"_uf_show_specific_survey":0,"_uf_disable_surveys":false},"categories":[357,333],"class_list":["post-30849","product","type-product","status-publish","hentry","category-inspekcia-pre-selektivne-lakovanie","category-opticka-inspekcia"],"aioseo_notices":[],"_links":{"self":[{"href":"https:\/\/amtest-group.com\/sk\/wp-json\/wp\/v2\/product\/30849","targetHints":{"allow":["GET"]}}],"collection":[{"href":"https:\/\/amtest-group.com\/sk\/wp-json\/wp\/v2\/product"}],"about":[{"href":"https:\/\/amtest-group.com\/sk\/wp-json\/wp\/v2\/types\/product"}],"wp:attachment":[{"href":"https:\/\/amtest-group.com\/sk\/wp-json\/wp\/v2\/media?parent=30849"}],"wp:term":[{"taxonomy":"category","embeddable":true,"href":"https:\/\/amtest-group.com\/sk\/wp-json\/wp\/v2\/categories?post=30849"}],"curies":[{"name":"wp","href":"https:\/\/api.w.org\/{rel}","templated":true}]}}