{"id":30796,"date":"2026-01-02T08:14:44","date_gmt":"2026-01-02T07:14:44","guid":{"rendered":"https:\/\/amtest-group.com\/product\/maker-ray-2\/"},"modified":"2026-01-29T10:52:27","modified_gmt":"2026-01-29T09:52:27","slug":"maker-ray-2","status":"publish","type":"product","link":"https:\/\/amtest-group.com\/sk\/product\/maker-ray-2\/","title":{"rendered":"MAKER-RAY"},"content":{"rendered":"<p><strong>MAKER-RAY<\/strong> je produktovo orientovan\u00e1 spolo\u010dnos\u0165, ktor\u00e1 sa \u0161pecializuje na inteligentn\u00e9 rie\u0161enia optickej in\u0161pekcie so zameran\u00edm na in\u0161pek\u010dn\u00e9 syst\u00e9my poh\u00e1\u0148an\u00e9 umelou inteligenciou pre procesy THT, SMT a selekt\u00edvne lakovanie.<\/p>\n<p>Vyu\u017eit\u00edm pokro\u010dil\u00fdch algoritmov u\u010denia <strong>MAKER-RAY<\/strong> zvy\u0161uje efektivitu programovania a presnos\u0165 detekcie, pri\u010dom v\u00fdrazne zni\u017euje po\u010det falo\u0161n\u00fdch hl\u00e1sen\u00ed \u2013 \u010d\u00edm prekon\u00e1va obmedzenia tradi\u010dn\u00fdch in\u0161pek\u010dn\u00fdch technol\u00f3gi\u00ed.<\/p>\n","protected":false},"excerpt":{"rendered":"<p>MAKER-RAY je produktovo orientovan\u00e1 spolo\u010dnos\u0165, ktor\u00e1 sa \u0161pecializuje na inteligentn\u00e9 rie\u0161enia optickej in\u0161pekcie so zameran\u00edm na in\u0161pek\u010dn\u00e9 syst\u00e9my poh\u00e1\u0148an\u00e9 umelou inteligenciou pre procesy THT, SMT a selekt\u00edvne lakovanie. Vyu\u017eit\u00edm pokro\u010dil\u00fdch algoritmov u\u010denia MAKER-RAY zvy\u0161uje efektivitu programovania a presnos\u0165 detekcie, pri\u010dom v\u00fdrazne zni\u017euje po\u010det falo\u0161n\u00fdch hl\u00e1sen\u00ed \u2013 \u010d\u00edm prekon\u00e1va obmedzenia tradi\u010dn\u00fdch in\u0161pek\u010dn\u00fdch technol\u00f3gi\u00ed.<\/p>\n","protected":false},"featured_media":0,"parent":0,"menu_order":0,"template":"template-product.php","meta":{"_uf_show_specific_survey":0,"_uf_disable_surveys":false},"categories":[354,333],"class_list":["post-30796","product","type-product","status-publish","hentry","category-2d-smt-aoi-inspekcia-pred-pecou","category-opticka-inspekcia"],"aioseo_notices":[],"_links":{"self":[{"href":"https:\/\/amtest-group.com\/sk\/wp-json\/wp\/v2\/product\/30796","targetHints":{"allow":["GET"]}}],"collection":[{"href":"https:\/\/amtest-group.com\/sk\/wp-json\/wp\/v2\/product"}],"about":[{"href":"https:\/\/amtest-group.com\/sk\/wp-json\/wp\/v2\/types\/product"}],"wp:attachment":[{"href":"https:\/\/amtest-group.com\/sk\/wp-json\/wp\/v2\/media?parent=30796"}],"wp:term":[{"taxonomy":"category","embeddable":true,"href":"https:\/\/amtest-group.com\/sk\/wp-json\/wp\/v2\/categories?post=30796"}],"curies":[{"name":"wp","href":"https:\/\/api.w.org\/{rel}","templated":true}]}}