{"id":30783,"date":"2026-01-02T09:02:09","date_gmt":"2026-01-02T08:02:09","guid":{"rendered":"https:\/\/amtest-group.com\/product\/mstech-4\/"},"modified":"2026-01-29T09:56:47","modified_gmt":"2026-01-29T08:56:47","slug":"mstech-4","status":"publish","type":"product","link":"https:\/\/amtest-group.com\/sk\/product\/mstech-4\/","title":{"rendered":"MSTech"},"content":{"rendered":"<p>Spolo\u010dnos\u0165 <strong>MSTECH<\/strong>, zalo\u017een\u00e1 v roku 1996, je priekopn\u00edkom v oblasti automatiz\u00e1cie a in\u0161pek\u010dn\u00fdch rie\u0161en\u00ed pre glob\u00e1lny elektronick\u00fd priemysel.<\/p>\n<p>Spolo\u010dnos\u0165, podporen\u00e1 viac ako dvadsiatimi rokmi technologick\u00fdch sk\u00fasenost\u00ed, dod\u00e1va najmodernej\u0161ie syst\u00e9my na in\u0161pekciu selekt\u00edvneho lakovania, navrhnut\u00e9 tak, aby zabezpe\u010dili dokonal\u00e9 pokrytie lakovan\u00fdch oblast\u00ed, presn\u00fa kontrolu hr\u00fabky a bezchybn\u00e9 povrchov\u00e9 \u00fapravy.<\/p>\n","protected":false},"excerpt":{"rendered":"<p>Spolo\u010dnos\u0165 MSTECH, zalo\u017een\u00e1 v roku 1996, je priekopn\u00edkom v oblasti automatiz\u00e1cie a in\u0161pek\u010dn\u00fdch rie\u0161en\u00ed pre glob\u00e1lny elektronick\u00fd priemysel. Spolo\u010dnos\u0165, podporen\u00e1 viac ako dvadsiatimi rokmi technologick\u00fdch sk\u00fasenost\u00ed, dod\u00e1va najmodernej\u0161ie syst\u00e9my na in\u0161pekciu selekt\u00edvneho lakovania, navrhnut\u00e9 tak, aby zabezpe\u010dili dokonal\u00e9 pokrytie lakovan\u00fdch oblast\u00ed, presn\u00fa kontrolu hr\u00fabky a bezchybn\u00e9 povrchov\u00e9 \u00fapravy.<\/p>\n","protected":false},"featured_media":0,"parent":0,"menu_order":0,"template":"template-product.php","meta":{"_uf_show_specific_survey":0,"_uf_disable_surveys":false},"categories":[357,333],"class_list":["post-30783","product","type-product","status-publish","hentry","category-inspekcia-pre-selektivne-lakovanie","category-opticka-inspekcia"],"aioseo_notices":[],"_links":{"self":[{"href":"https:\/\/amtest-group.com\/sk\/wp-json\/wp\/v2\/product\/30783","targetHints":{"allow":["GET"]}}],"collection":[{"href":"https:\/\/amtest-group.com\/sk\/wp-json\/wp\/v2\/product"}],"about":[{"href":"https:\/\/amtest-group.com\/sk\/wp-json\/wp\/v2\/types\/product"}],"wp:attachment":[{"href":"https:\/\/amtest-group.com\/sk\/wp-json\/wp\/v2\/media?parent=30783"}],"wp:term":[{"taxonomy":"category","embeddable":true,"href":"https:\/\/amtest-group.com\/sk\/wp-json\/wp\/v2\/categories?post=30783"}],"curies":[{"name":"wp","href":"https:\/\/api.w.org\/{rel}","templated":true}]}}