{"id":2160,"date":"2023-05-02T11:47:41","date_gmt":"2023-05-02T09:47:41","guid":{"rendered":"https:\/\/amtest.virtus3-projekti.com\/product\/bdtronic-2\/"},"modified":"2023-05-25T12:50:55","modified_gmt":"2023-05-25T10:50:55","slug":"bdtronic-2","status":"publish","type":"product","link":"https:\/\/amtest-group.com\/sk\/product\/bdtronic-2\/","title":{"rendered":"bdtronic"},"content":{"rendered":"<p><strong>bdtronic GmbH<\/strong> je popredn\u00fdm svetov\u00fdm v\u00fdrobcom dispenzovac\u00edch a d\u00e1vkovac\u00edch syst\u00e9mov ako aj aktiv\u00e1cii povrchu plazmou.<\/p>\n<p>Svojim \u0161irok\u00fdm portf\u00f3liom pon\u00faka rie\u0161enia pre z\u00e1kazn\u00edkov z automobilov\u00e9ho a elektrotechnick\u00e9ho priemyslu.<\/p>\n","protected":false},"excerpt":{"rendered":"<p>bdtronic GmbH je popredn\u00fdm svetov\u00fdm v\u00fdrobcom dispenzovac\u00edch a d\u00e1vkovac\u00edch syst\u00e9mov ako aj aktiv\u00e1cii povrchu plazmou. Svojim \u0161irok\u00fdm portf\u00f3liom pon\u00faka rie\u0161enia pre z\u00e1kazn\u00edkov z automobilov\u00e9ho a elektrotechnick\u00e9ho priemyslu.<\/p>\n","protected":false},"featured_media":0,"parent":0,"menu_order":0,"template":"template-product.php","meta":{"_uf_show_specific_survey":0,"_uf_disable_surveys":false},"categories":[207],"class_list":["post-2160","product","type-product","status-publish","hentry","category-aktivacia-povrchu-plazmou"],"aioseo_notices":[],"_links":{"self":[{"href":"https:\/\/amtest-group.com\/sk\/wp-json\/wp\/v2\/product\/2160","targetHints":{"allow":["GET"]}}],"collection":[{"href":"https:\/\/amtest-group.com\/sk\/wp-json\/wp\/v2\/product"}],"about":[{"href":"https:\/\/amtest-group.com\/sk\/wp-json\/wp\/v2\/types\/product"}],"wp:attachment":[{"href":"https:\/\/amtest-group.com\/sk\/wp-json\/wp\/v2\/media?parent=2160"}],"wp:term":[{"taxonomy":"category","embeddable":true,"href":"https:\/\/amtest-group.com\/sk\/wp-json\/wp\/v2\/categories?post=2160"}],"curies":[{"name":"wp","href":"https:\/\/api.w.org\/{rel}","templated":true}]}}