{"id":2158,"date":"2023-04-19T11:20:19","date_gmt":"2023-04-19T09:20:19","guid":{"rendered":"https:\/\/amtest.virtus3-projekti.com\/product\/bdtronic\/"},"modified":"2023-05-25T12:46:22","modified_gmt":"2023-05-25T10:46:22","slug":"bdtronic","status":"publish","type":"product","link":"https:\/\/amtest-group.com\/sk\/product\/bdtronic\/","title":{"rendered":"bdtronic"},"content":{"rendered":"<p><strong>bdtronic GmbH<\/strong> je popredn\u00fdm svetov\u00fdm v\u00fdrobcom dispenzovac\u00edch a d\u00e1vkovac\u00edch syst\u00e9mov ako aj aktiv\u00e1cii povrchu plazmou.<\/p>\n<p>Svojim \u0161irok\u00fdm portf\u00f3liom pon\u00faka rie\u0161enia pre z\u00e1kazn\u00edkov z automobilov\u00e9ho a elektrotechnick\u00e9ho priemyslu.<\/p>\n","protected":false},"excerpt":{"rendered":"<p>bdtronic GmbH je popredn\u00fdm svetov\u00fdm v\u00fdrobcom dispenzovac\u00edch a d\u00e1vkovac\u00edch syst\u00e9mov ako aj aktiv\u00e1cii povrchu plazmou. Svojim \u0161irok\u00fdm portf\u00f3liom pon\u00faka rie\u0161enia pre z\u00e1kazn\u00edkov z automobilov\u00e9ho a elektrotechnick\u00e9ho priemyslu.<\/p>\n","protected":false},"featured_media":0,"parent":0,"menu_order":0,"template":"template-product.php","meta":{"_uf_show_specific_survey":0,"_uf_disable_surveys":false},"categories":[209],"class_list":["post-2158","product","type-product","status-publish","hentry","category-dispenzovanie"],"aioseo_notices":[],"_links":{"self":[{"href":"https:\/\/amtest-group.com\/sk\/wp-json\/wp\/v2\/product\/2158","targetHints":{"allow":["GET"]}}],"collection":[{"href":"https:\/\/amtest-group.com\/sk\/wp-json\/wp\/v2\/product"}],"about":[{"href":"https:\/\/amtest-group.com\/sk\/wp-json\/wp\/v2\/types\/product"}],"wp:attachment":[{"href":"https:\/\/amtest-group.com\/sk\/wp-json\/wp\/v2\/media?parent=2158"}],"wp:term":[{"taxonomy":"category","embeddable":true,"href":"https:\/\/amtest-group.com\/sk\/wp-json\/wp\/v2\/categories?post=2158"}],"curies":[{"name":"wp","href":"https:\/\/api.w.org\/{rel}","templated":true}]}}