{"id":2156,"date":"2023-05-02T11:42:58","date_gmt":"2023-05-02T09:42:58","guid":{"rendered":"https:\/\/amtest.virtus3-projekti.com\/product\/mstech\/"},"modified":"2023-11-13T19:34:28","modified_gmt":"2023-11-13T18:34:28","slug":"mstech","status":"publish","type":"product","link":"https:\/\/amtest-group.com\/sk\/product\/mstech\/","title":{"rendered":"MSTech"},"content":{"rendered":"<p>Spolo\u010dnos\u0165 <strong>MSTECH<\/strong>, zalo\u017een\u00e1 v roku 1996, m\u00e1 viac ako 20 rokov sk\u00fasenost\u00ed s poskytovan\u00edm automatiza\u010dn\u00fdch rie\u0161en\u00ed pre elektronick\u00fd priemysel so \u0161pecializ\u00e1ciou na depaneliz\u00e1ciu.<\/p>\n<p>V priebehu rokov sa presadili ako l\u00edder v r\u00f4znych sektoroch, ako je spotrebn\u00e1 elektronika, mobiln\u00e9 telef\u00f3ny a automobilov\u00fd priemysel, a svojou kvalitou prekon\u00e1vali po\u017eiadavky aj t\u00fdch najn\u00e1ro\u010dnej\u0161\u00edch \u0161tandardov popredn\u00fdch spolo\u010dnost\u00ed.<\/p>\n","protected":false},"excerpt":{"rendered":"<p>Spolo\u010dnos\u0165 MSTECH, zalo\u017een\u00e1 v roku 1996, m\u00e1 viac ako 20 rokov sk\u00fasenost\u00ed s poskytovan\u00edm automatiza\u010dn\u00fdch rie\u0161en\u00ed pre elektronick\u00fd priemysel so \u0161pecializ\u00e1ciou na depaneliz\u00e1ciu. V priebehu rokov sa presadili ako l\u00edder v r\u00f4znych sektoroch, ako je spotrebn\u00e1 elektronika, mobiln\u00e9 telef\u00f3ny a automobilov\u00fd priemysel, a svojou kvalitou prekon\u00e1vali po\u017eiadavky aj t\u00fdch najn\u00e1ro\u010dnej\u0161\u00edch \u0161tandardov popredn\u00fdch spolo\u010dnost\u00ed.<\/p>\n","protected":false},"featured_media":0,"parent":0,"menu_order":0,"template":"template-product.php","meta":{"_uf_show_specific_survey":0,"_uf_disable_surveys":false},"categories":[221],"class_list":["post-2156","product","type-product","status-publish","hentry","category-depaneling-delenie-dps"],"aioseo_notices":[],"_links":{"self":[{"href":"https:\/\/amtest-group.com\/sk\/wp-json\/wp\/v2\/product\/2156","targetHints":{"allow":["GET"]}}],"collection":[{"href":"https:\/\/amtest-group.com\/sk\/wp-json\/wp\/v2\/product"}],"about":[{"href":"https:\/\/amtest-group.com\/sk\/wp-json\/wp\/v2\/types\/product"}],"wp:attachment":[{"href":"https:\/\/amtest-group.com\/sk\/wp-json\/wp\/v2\/media?parent=2156"}],"wp:term":[{"taxonomy":"category","embeddable":true,"href":"https:\/\/amtest-group.com\/sk\/wp-json\/wp\/v2\/categories?post=2156"}],"curies":[{"name":"wp","href":"https:\/\/api.w.org\/{rel}","templated":true}]}}