{"id":2114,"date":"2023-04-19T12:14:17","date_gmt":"2023-04-19T10:14:17","guid":{"rendered":"https:\/\/amtest.virtus3-projekti.com\/product\/autotronik\/"},"modified":"2023-05-25T12:36:23","modified_gmt":"2023-05-25T10:36:23","slug":"autotronik","status":"publish","type":"product","link":"https:\/\/amtest-group.com\/sk\/product\/autotronik\/","title":{"rendered":"Autotronik"},"content":{"rendered":"<p><strong>Autotronik<\/strong> vyr\u00e1ba ru\u010dn\u00e9, poloautomatick\u00e9 a plne automatick\u00e9 sie\u0165otla\u010de, ktor\u00e9 dosahuj\u00fa najvy\u0161\u0161iu presnos\u0165 a \u013eahko sa pou\u017e\u00edvaj\u00fa.<\/p>\n<p>Ich zariadenia s\u00fa ur\u010den\u00e9 na tla\u010d najjemnej\u0161\u00edch rozstupov s vysokou presnos\u0165ou a opakovate\u013enos\u0165ou.<\/p>\n","protected":false},"excerpt":{"rendered":"<p>Autotronik vyr\u00e1ba ru\u010dn\u00e9, poloautomatick\u00e9 a plne automatick\u00e9 sie\u0165otla\u010de, ktor\u00e9 dosahuj\u00fa najvy\u0161\u0161iu presnos\u0165 a \u013eahko sa pou\u017e\u00edvaj\u00fa. Ich zariadenia s\u00fa ur\u010den\u00e9 na tla\u010d najjemnej\u0161\u00edch rozstupov s vysokou presnos\u0165ou a opakovate\u013enos\u0165ou.<\/p>\n","protected":false},"featured_media":0,"parent":0,"menu_order":0,"template":"template-product.php","meta":{"_uf_show_specific_survey":0,"_uf_disable_surveys":false},"categories":[215],"class_list":["post-2114","product","type-product","status-publish","hentry","category-sietotlac"],"aioseo_notices":[],"_links":{"self":[{"href":"https:\/\/amtest-group.com\/sk\/wp-json\/wp\/v2\/product\/2114","targetHints":{"allow":["GET"]}}],"collection":[{"href":"https:\/\/amtest-group.com\/sk\/wp-json\/wp\/v2\/product"}],"about":[{"href":"https:\/\/amtest-group.com\/sk\/wp-json\/wp\/v2\/types\/product"}],"wp:attachment":[{"href":"https:\/\/amtest-group.com\/sk\/wp-json\/wp\/v2\/media?parent=2114"}],"wp:term":[{"taxonomy":"category","embeddable":true,"href":"https:\/\/amtest-group.com\/sk\/wp-json\/wp\/v2\/categories?post=2114"}],"curies":[{"name":"wp","href":"https:\/\/api.w.org\/{rel}","templated":true}]}}