{"id":2112,"date":"2023-04-19T12:07:30","date_gmt":"2023-04-19T10:07:30","guid":{"rendered":"https:\/\/amtest.virtus3-projekti.com\/product\/autotronik-2\/"},"modified":"2023-05-25T12:31:05","modified_gmt":"2023-05-25T10:31:05","slug":"autotronik-2","status":"publish","type":"product","link":"https:\/\/amtest-group.com\/sk\/product\/autotronik-2\/","title":{"rendered":"Autotronik"},"content":{"rendered":"<p><strong>Autotronik<\/strong> je glob\u00e1lna spolo\u010dnos\u0165 s pribli\u017ene 200 zamestnancami. Je \u0161pecialistom na osadzovacie automaty pre mal\u00e9 a\u017e stredn\u00e9 s\u00e9rie aj kompletn\u00e9 SMD v\u00fdrobn\u00e9 linky.<\/p>\n<p>Ich glob\u00e1lny z\u00e1v\u00e4zok im umo\u017e\u0148uje spoji\u0165 tie najlep\u0161ie komponenty do v\u00fdnimo\u010dn\u00e9ho produktu.<\/p>\n","protected":false},"excerpt":{"rendered":"<p>Autotronik je glob\u00e1lna spolo\u010dnos\u0165 s pribli\u017ene 200 zamestnancami. Je \u0161pecialistom na osadzovacie automaty pre mal\u00e9 a\u017e stredn\u00e9 s\u00e9rie aj kompletn\u00e9 SMD v\u00fdrobn\u00e9 linky. Ich glob\u00e1lny z\u00e1v\u00e4zok im umo\u017e\u0148uje spoji\u0165 tie najlep\u0161ie komponenty do v\u00fdnimo\u010dn\u00e9ho produktu.<\/p>\n","protected":false},"featured_media":0,"parent":0,"menu_order":0,"template":"template-product.php","meta":{"_uf_show_specific_survey":0,"_uf_disable_surveys":false},"categories":[214],"class_list":["post-2112","product","type-product","status-publish","hentry","category-osadzovacie-automaty"],"aioseo_notices":[],"_links":{"self":[{"href":"https:\/\/amtest-group.com\/sk\/wp-json\/wp\/v2\/product\/2112","targetHints":{"allow":["GET"]}}],"collection":[{"href":"https:\/\/amtest-group.com\/sk\/wp-json\/wp\/v2\/product"}],"about":[{"href":"https:\/\/amtest-group.com\/sk\/wp-json\/wp\/v2\/types\/product"}],"wp:attachment":[{"href":"https:\/\/amtest-group.com\/sk\/wp-json\/wp\/v2\/media?parent=2112"}],"wp:term":[{"taxonomy":"category","embeddable":true,"href":"https:\/\/amtest-group.com\/sk\/wp-json\/wp\/v2\/categories?post=2112"}],"curies":[{"name":"wp","href":"https:\/\/api.w.org\/{rel}","templated":true}]}}