{"id":2087,"date":"2023-05-12T11:11:54","date_gmt":"2023-05-12T09:11:54","guid":{"rendered":"https:\/\/amtest.virtus3-projekti.com\/product\/nordson-asymtek-3\/"},"modified":"2023-05-25T15:43:59","modified_gmt":"2023-05-25T13:43:59","slug":"nordson-asymtek-3","status":"publish","type":"product","link":"https:\/\/amtest-group.com\/sk\/product\/nordson-asymtek-3\/","title":{"rendered":"Nordson Asymtek"},"content":{"rendered":"<p><b>Nordson Asymtek<\/b><span style=\"font-weight: 400;\"> \u2013 spolo\u010dnos\u0165 NASDAQ s v\u00fdrobn\u00fdmi z\u00e1vodmi v Spojen\u00fdch \u0161t\u00e1toch \u2013 ocenen\u00e9 automatizovan\u00e9 syst\u00e9my a zariadenia na d\u00e1vkovanie tekut\u00edn poskytuj\u00fa r\u00fdchlos\u0165, presnos\u0165 a flexibilita pre presn\u00e9 a n\u00e1ro\u010dn\u00e9 aplik\u00e1cie. <\/span><\/p>\n<p><span style=\"font-weight: 400;\">K dispoz\u00edcii s\u00fa aj ocenen\u00e9 trysky a ventily na d\u00e1vkovanie \u0161irokej \u0161k\u00e1ly tekut\u00edn, ktor\u00e9 sp\u013a\u0148aj\u00fa po\u017eiadavky na d\u00e1vkovanie.<\/span><\/p>\n","protected":false},"excerpt":{"rendered":"<p>Nordson Asymtek \u2013 spolo\u010dnos\u0165 NASDAQ s v\u00fdrobn\u00fdmi z\u00e1vodmi v Spojen\u00fdch \u0161t\u00e1toch \u2013 ocenen\u00e9 automatizovan\u00e9 syst\u00e9my a zariadenia na d\u00e1vkovanie tekut\u00edn poskytuj\u00fa r\u00fdchlos\u0165, presnos\u0165 a flexibilita pre presn\u00e9 a n\u00e1ro\u010dn\u00e9 aplik\u00e1cie. K dispoz\u00edcii s\u00fa aj ocenen\u00e9 trysky a ventily na d\u00e1vkovanie \u0161irokej \u0161k\u00e1ly tekut\u00edn, ktor\u00e9 sp\u013a\u0148aj\u00fa po\u017eiadavky na d\u00e1vkovanie.<\/p>\n","protected":false},"featured_media":0,"parent":0,"menu_order":0,"template":"template-product.php","meta":{"_uf_show_specific_survey":0,"_uf_disable_surveys":false},"categories":[209],"class_list":["post-2087","product","type-product","status-publish","hentry","category-dispenzovanie"],"aioseo_notices":[],"_links":{"self":[{"href":"https:\/\/amtest-group.com\/sk\/wp-json\/wp\/v2\/product\/2087","targetHints":{"allow":["GET"]}}],"collection":[{"href":"https:\/\/amtest-group.com\/sk\/wp-json\/wp\/v2\/product"}],"about":[{"href":"https:\/\/amtest-group.com\/sk\/wp-json\/wp\/v2\/types\/product"}],"wp:attachment":[{"href":"https:\/\/amtest-group.com\/sk\/wp-json\/wp\/v2\/media?parent=2087"}],"wp:term":[{"taxonomy":"category","embeddable":true,"href":"https:\/\/amtest-group.com\/sk\/wp-json\/wp\/v2\/categories?post=2087"}],"curies":[{"name":"wp","href":"https:\/\/api.w.org\/{rel}","templated":true}]}}