{"id":2086,"date":"2023-04-19T11:20:13","date_gmt":"2023-04-19T09:20:13","guid":{"rendered":"https:\/\/amtest.virtus3-projekti.com\/product\/norsdon-asymtek-2\/"},"modified":"2025-04-17T13:11:34","modified_gmt":"2025-04-17T11:11:34","slug":"norsdon-asymtek-2","status":"publish","type":"product","link":"https:\/\/amtest-group.com\/sk\/product\/norsdon-asymtek-2\/","title":{"rendered":"Nordson Asymtek"},"content":{"rendered":"<p><span style=\"font-weight: 400;\">Po \u00faspe\u0161nom zaveden\u00ed konceptu optickej kontroly povlaku ACI, <\/span><b>Norsdon Asymtek<\/b><span style=\"font-weight: 400;\"> FX -940 UV ACI sa stala s\u00fa\u010das\u0165ou Integrated Conformal Coating Line, vr\u00e1tane funkci\u00ed sledovate\u013enosti, a je teraz <\/span><span style=\"font-weight: 400;\">l\u00edder v oblasti konformn\u00e9ho n\u00e1teru a kontroly tekut\u00edn.<\/span><\/p>\n","protected":false},"excerpt":{"rendered":"<p>Po \u00faspe\u0161nom zaveden\u00ed konceptu optickej kontroly povlaku ACI, Norsdon Asymtek FX -940 UV ACI sa stala s\u00fa\u010das\u0165ou Integrated Conformal Coating Line, vr\u00e1tane funkci\u00ed sledovate\u013enosti, a je teraz l\u00edder v oblasti konformn\u00e9ho n\u00e1teru a kontroly tekut\u00edn.<\/p>\n","protected":false},"featured_media":0,"parent":0,"menu_order":0,"template":"template-product.php","meta":{"_uf_show_specific_survey":0,"_uf_disable_surveys":false},"categories":[208],"class_list":["post-2086","product","type-product","status-publish","hentry","category-automaticka-opticka-inspekcia-naneseneho-filmu-laku"],"aioseo_notices":[],"_links":{"self":[{"href":"https:\/\/amtest-group.com\/sk\/wp-json\/wp\/v2\/product\/2086","targetHints":{"allow":["GET"]}}],"collection":[{"href":"https:\/\/amtest-group.com\/sk\/wp-json\/wp\/v2\/product"}],"about":[{"href":"https:\/\/amtest-group.com\/sk\/wp-json\/wp\/v2\/types\/product"}],"wp:attachment":[{"href":"https:\/\/amtest-group.com\/sk\/wp-json\/wp\/v2\/media?parent=2086"}],"wp:term":[{"taxonomy":"category","embeddable":true,"href":"https:\/\/amtest-group.com\/sk\/wp-json\/wp\/v2\/categories?post=2086"}],"curies":[{"name":"wp","href":"https:\/\/api.w.org\/{rel}","templated":true}]}}