{"id":12864,"date":"2023-04-19T12:17:49","date_gmt":"2023-04-19T10:17:49","guid":{"rendered":"https:\/\/amtest-group.com\/product\/universal-instruments\/"},"modified":"2024-10-11T15:54:58","modified_gmt":"2024-10-11T13:54:58","slug":"universal-instruments","status":"publish","type":"product","link":"https:\/\/amtest-group.com\/sk\/product\/universal-instruments\/","title":{"rendered":"Universal Instruments"},"content":{"rendered":"<p><strong>Universal Instruments<\/strong> pon\u00fakaj\u00fa flexibiln\u00e9 mont\u00e1\u017ene zariadenia.<\/p>\n<p>Spolo\u010dnos\u0165 pon\u00faka \u0161irok\u00fa \u0161k\u00e1lu plne integrovan\u00fdch technol\u00f3gi\u00ed vo svojom odvetv\u00ed, exkluz\u00edvne odborn\u00e9 znalosti v oblasti procesov a svetov\u00fa podporu a poskytuje rie\u0161enie pre konkr\u00e9tne po\u017eiadavky z\u00e1kazn\u00edka.<\/p>\n","protected":false},"excerpt":{"rendered":"<p>Universal Instruments pon\u00fakaj\u00fa flexibiln\u00e9 mont\u00e1\u017ene zariadenia. Spolo\u010dnos\u0165 pon\u00faka \u0161irok\u00fa \u0161k\u00e1lu plne integrovan\u00fdch technol\u00f3gi\u00ed vo svojom odvetv\u00ed, exkluz\u00edvne odborn\u00e9 znalosti v oblasti procesov a svetov\u00fa podporu a poskytuje rie\u0161enie pre konkr\u00e9tne po\u017eiadavky z\u00e1kazn\u00edka.<\/p>\n","protected":false},"featured_media":0,"parent":0,"menu_order":0,"template":"template-product.php","meta":{"_uf_show_specific_survey":0,"_uf_disable_surveys":false},"categories":[217],"class_list":["post-12864","product","type-product","status-publish","hentry","category-osadzovanie-suciastok"],"aioseo_notices":[],"_links":{"self":[{"href":"https:\/\/amtest-group.com\/sk\/wp-json\/wp\/v2\/product\/12864","targetHints":{"allow":["GET"]}}],"collection":[{"href":"https:\/\/amtest-group.com\/sk\/wp-json\/wp\/v2\/product"}],"about":[{"href":"https:\/\/amtest-group.com\/sk\/wp-json\/wp\/v2\/types\/product"}],"wp:attachment":[{"href":"https:\/\/amtest-group.com\/sk\/wp-json\/wp\/v2\/media?parent=12864"}],"wp:term":[{"taxonomy":"category","embeddable":true,"href":"https:\/\/amtest-group.com\/sk\/wp-json\/wp\/v2\/categories?post=12864"}],"curies":[{"name":"wp","href":"https:\/\/api.w.org\/{rel}","templated":true}]}}