{"id":12862,"date":"2023-12-26T12:31:25","date_gmt":"2023-12-26T11:31:25","guid":{"rendered":"https:\/\/amtest-group.com\/product\/fk-delvotec\/"},"modified":"2024-10-11T15:48:44","modified_gmt":"2024-10-11T13:48:44","slug":"fk-delvotec","status":"publish","type":"product","link":"https:\/\/amtest-group.com\/sk\/product\/fk-delvotec\/","title":{"rendered":"F&#038;K Delvotec"},"content":{"rendered":"<p><strong>F&amp;K DELVOTEC<\/strong> je glob\u00e1lny, stredne ve\u013ek\u00fd technologick\u00fd l\u00edder v oblasti ultrazvukov\u00fdch a laserov\u00fdch syst\u00e9mov na sp\u00e1jkovanie vodi\u010dov.<\/p>\n<p>F&amp;K DELVOTEC flexibilne reaguje na po\u017eiadavky z\u00e1kazn\u00edkov a realizuje rie\u0161enia automatiz\u00e1cie prisp\u00f4soben\u00e9 na mieru. Ich technol\u00f3gie s\u00fa zameran\u00e9 na oblas\u0165 mikroelektroniky, mechatroniky a procesnej automatiz\u00e1cie. Spolo\u010dnos\u0165 F&amp;K DELVOTEC bola zalo\u017een\u00e1 v roku 1978 a je teraz s\u00fa\u010das\u0165ou spolo\u010dnosti Strama-MPS Maschinenbau GmbH &amp; Co. KG, medzin\u00e1rodne uzn\u00e1van\u00e9ho v\u00fdrobcu \u0161peci\u00e1lnych strojov.<\/p>\n","protected":false},"excerpt":{"rendered":"<p>F&amp;K DELVOTEC je glob\u00e1lny, stredne ve\u013ek\u00fd technologick\u00fd l\u00edder v oblasti ultrazvukov\u00fdch a laserov\u00fdch syst\u00e9mov na sp\u00e1jkovanie vodi\u010dov. F&amp;K DELVOTEC flexibilne reaguje na po\u017eiadavky z\u00e1kazn\u00edkov a realizuje rie\u0161enia automatiz\u00e1cie prisp\u00f4soben\u00e9 na mieru. Ich technol\u00f3gie s\u00fa zameran\u00e9 na oblas\u0165 mikroelektroniky, mechatroniky a procesnej automatiz\u00e1cie. Spolo\u010dnos\u0165 F&amp;K DELVOTEC bola zalo\u017een\u00e1 v roku 1978 a je teraz s\u00fa\u010das\u0165ou spolo\u010dnosti [&hellip;]<\/p>\n","protected":false},"featured_media":0,"parent":0,"menu_order":0,"template":"template-product.php","meta":{"_uf_show_specific_survey":0,"_uf_disable_surveys":false},"categories":[290],"class_list":["post-12862","product","type-product","status-publish","hentry","category-wire-bonding-sk"],"aioseo_notices":[],"_links":{"self":[{"href":"https:\/\/amtest-group.com\/sk\/wp-json\/wp\/v2\/product\/12862","targetHints":{"allow":["GET"]}}],"collection":[{"href":"https:\/\/amtest-group.com\/sk\/wp-json\/wp\/v2\/product"}],"about":[{"href":"https:\/\/amtest-group.com\/sk\/wp-json\/wp\/v2\/types\/product"}],"wp:attachment":[{"href":"https:\/\/amtest-group.com\/sk\/wp-json\/wp\/v2\/media?parent=12862"}],"wp:term":[{"taxonomy":"category","embeddable":true,"href":"https:\/\/amtest-group.com\/sk\/wp-json\/wp\/v2\/categories?post=12862"}],"curies":[{"name":"wp","href":"https:\/\/api.w.org\/{rel}","templated":true}]}}