{"id":12861,"date":"2024-01-05T14:18:36","date_gmt":"2024-01-05T13:18:36","guid":{"rendered":"https:\/\/amtest-group.com\/product\/i-c-t-2\/"},"modified":"2024-10-11T15:46:28","modified_gmt":"2024-10-11T13:46:28","slug":"i-c-t-2","status":"publish","type":"product","link":"https:\/\/amtest-group.com\/sk\/product\/i-c-t-2\/","title":{"rendered":"I.C.T"},"content":{"rendered":"<p><strong>InterContinental Technology (I.C.T)<\/strong> sa za posledn\u00e9 dve desa\u0165ro\u010dia stala popredn\u00fdm glob\u00e1lnym poskytovate\u013eom inteligentn\u00fdch rie\u0161en\u00ed pre vybavenie.<\/p>\n<p>S 25-ro\u010dnou pr\u00edtomnos\u0165ou v odvetv\u00ed povrchovej mont\u00e1\u017enej technol\u00f3gie (SMT) je <strong>I.C.T<\/strong> k\u013e\u00fa\u010dov\u00fdm hr\u00e1\u010dom v poskytovan\u00ed odborn\u00fdch rie\u0161en\u00ed pre SMT tov\u00e1rne.<\/p>\n","protected":false},"excerpt":{"rendered":"<p>InterContinental Technology (I.C.T) sa za posledn\u00e9 dve desa\u0165ro\u010dia stala popredn\u00fdm glob\u00e1lnym poskytovate\u013eom inteligentn\u00fdch rie\u0161en\u00ed pre vybavenie. S 25-ro\u010dnou pr\u00edtomnos\u0165ou v odvetv\u00ed povrchovej mont\u00e1\u017enej technol\u00f3gie (SMT) je I.C.T k\u013e\u00fa\u010dov\u00fdm hr\u00e1\u010dom v poskytovan\u00ed odborn\u00fdch rie\u0161en\u00ed pre SMT tov\u00e1rne.<\/p>\n","protected":false},"featured_media":0,"parent":0,"menu_order":0,"template":"template-product.php","meta":{"_uf_show_specific_survey":0,"_uf_disable_surveys":false},"categories":[215],"class_list":["post-12861","product","type-product","status-publish","hentry","category-sietotlac"],"aioseo_notices":[],"_links":{"self":[{"href":"https:\/\/amtest-group.com\/sk\/wp-json\/wp\/v2\/product\/12861","targetHints":{"allow":["GET"]}}],"collection":[{"href":"https:\/\/amtest-group.com\/sk\/wp-json\/wp\/v2\/product"}],"about":[{"href":"https:\/\/amtest-group.com\/sk\/wp-json\/wp\/v2\/types\/product"}],"wp:attachment":[{"href":"https:\/\/amtest-group.com\/sk\/wp-json\/wp\/v2\/media?parent=12861"}],"wp:term":[{"taxonomy":"category","embeddable":true,"href":"https:\/\/amtest-group.com\/sk\/wp-json\/wp\/v2\/categories?post=12861"}],"curies":[{"name":"wp","href":"https:\/\/api.w.org\/{rel}","templated":true}]}}