{"id":12860,"date":"2024-01-05T15:53:24","date_gmt":"2024-01-05T14:53:24","guid":{"rendered":"https:\/\/amtest-group.com\/product\/universal-instruments-2\/"},"modified":"2024-10-11T15:44:10","modified_gmt":"2024-10-11T13:44:10","slug":"universal-instruments-2","status":"publish","type":"product","link":"https:\/\/amtest-group.com\/sk\/product\/universal-instruments-2\/","title":{"rendered":"Universal Instruments"},"content":{"rendered":"<p><strong>Universal Instruments<\/strong> pon\u00faka flexibiln\u00e9 osadzovacie zariadenia.<\/p>\n<p>Spolo\u010dnos\u0165 pon\u00faka \u0161irok\u00fa \u0161k\u00e1lu plne integrovan\u00fdch technol\u00f3gi\u00ed, odborn\u00e9 znalosti v oblasti procesov a prvotriednu technick\u00fa podporu, na poskytnutie ide\u00e1lneho rie\u0161enia v pr\u00edpade \u0161pecifick\u00fdch po\u017eiadaviek.<\/p>\n","protected":false},"excerpt":{"rendered":"<p>Universal Instruments pon\u00faka flexibiln\u00e9 osadzovacie zariadenia. Spolo\u010dnos\u0165 pon\u00faka \u0161irok\u00fa \u0161k\u00e1lu plne integrovan\u00fdch technol\u00f3gi\u00ed, odborn\u00e9 znalosti v oblasti procesov a prvotriednu technick\u00fa podporu, na poskytnutie ide\u00e1lneho rie\u0161enia v pr\u00edpade \u0161pecifick\u00fdch po\u017eiadaviek.<\/p>\n","protected":false},"featured_media":0,"parent":0,"menu_order":0,"template":"template-product.php","meta":{"_uf_show_specific_survey":0,"_uf_disable_surveys":false},"categories":[214],"class_list":["post-12860","product","type-product","status-publish","hentry","category-osadzovacie-automaty"],"aioseo_notices":[],"_links":{"self":[{"href":"https:\/\/amtest-group.com\/sk\/wp-json\/wp\/v2\/product\/12860","targetHints":{"allow":["GET"]}}],"collection":[{"href":"https:\/\/amtest-group.com\/sk\/wp-json\/wp\/v2\/product"}],"about":[{"href":"https:\/\/amtest-group.com\/sk\/wp-json\/wp\/v2\/types\/product"}],"wp:attachment":[{"href":"https:\/\/amtest-group.com\/sk\/wp-json\/wp\/v2\/media?parent=12860"}],"wp:term":[{"taxonomy":"category","embeddable":true,"href":"https:\/\/amtest-group.com\/sk\/wp-json\/wp\/v2\/categories?post=12860"}],"curies":[{"name":"wp","href":"https:\/\/api.w.org\/{rel}","templated":true}]}}