{"id":12859,"date":"2023-11-13T02:45:33","date_gmt":"2023-11-13T01:45:33","guid":{"rendered":"https:\/\/amtest-group.com\/product\/mstech-5\/"},"modified":"2024-10-11T15:41:14","modified_gmt":"2024-10-11T13:41:14","slug":"mstech-5","status":"publish","type":"product","link":"https:\/\/amtest-group.com\/sk\/product\/mstech-5\/","title":{"rendered":"MSTech"},"content":{"rendered":"<p>Spolo\u010dnos\u0165 <strong>MSTECH<\/strong>, zalo\u017een\u00e1 v roku 1996, m\u00e1 viac ako 20 rokov sk\u00fasenost\u00ed s poskytovan\u00edm automatiza\u010dn\u00fdch rie\u0161en\u00ed pre elektronick\u00fd priemysel, so \u0161pecializ\u00e1ciou na odde\u013eovanie panelov.<\/p>\n<p>Po\u010das rokov si vybudovala poz\u00edciu l\u00eddra v r\u00f4znych sektoroch, ako s\u00fa spotrebn\u00e1 elektronika, mobiln\u00e9 telef\u00f3ny a automobilov\u00fd priemysel, pri\u010dom prekon\u00e1va po\u017eiadavky aj t\u00fdch najn\u00e1ro\u010dnej\u0161\u00edch \u0161tandardov popredn\u00fdch spolo\u010dnost\u00ed.<\/p>\n","protected":false},"excerpt":{"rendered":"<p>Spolo\u010dnos\u0165 MSTECH, zalo\u017een\u00e1 v roku 1996, m\u00e1 viac ako 20 rokov sk\u00fasenost\u00ed s poskytovan\u00edm automatiza\u010dn\u00fdch rie\u0161en\u00ed pre elektronick\u00fd priemysel, so \u0161pecializ\u00e1ciou na odde\u013eovanie panelov. Po\u010das rokov si vybudovala poz\u00edciu l\u00eddra v r\u00f4znych sektoroch, ako s\u00fa spotrebn\u00e1 elektronika, mobiln\u00e9 telef\u00f3ny a automobilov\u00fd priemysel, pri\u010dom prekon\u00e1va po\u017eiadavky aj t\u00fdch najn\u00e1ro\u010dnej\u0161\u00edch \u0161tandardov popredn\u00fdch spolo\u010dnost\u00ed.<\/p>\n","protected":false},"featured_media":0,"parent":0,"menu_order":0,"template":"template-product.php","meta":{"_uf_show_specific_survey":0,"_uf_disable_surveys":false},"categories":[289],"class_list":["post-12859","product","type-product","status-publish","hentry","category-vytvrdzovacie-pece"],"aioseo_notices":[],"_links":{"self":[{"href":"https:\/\/amtest-group.com\/sk\/wp-json\/wp\/v2\/product\/12859","targetHints":{"allow":["GET"]}}],"collection":[{"href":"https:\/\/amtest-group.com\/sk\/wp-json\/wp\/v2\/product"}],"about":[{"href":"https:\/\/amtest-group.com\/sk\/wp-json\/wp\/v2\/types\/product"}],"wp:attachment":[{"href":"https:\/\/amtest-group.com\/sk\/wp-json\/wp\/v2\/media?parent=12859"}],"wp:term":[{"taxonomy":"category","embeddable":true,"href":"https:\/\/amtest-group.com\/sk\/wp-json\/wp\/v2\/categories?post=12859"}],"curies":[{"name":"wp","href":"https:\/\/api.w.org\/{rel}","templated":true}]}}