{"id":12858,"date":"2024-09-16T13:30:47","date_gmt":"2024-09-16T11:30:47","guid":{"rendered":"https:\/\/amtest-group.com\/product\/exelsius-3\/"},"modified":"2024-10-11T15:39:05","modified_gmt":"2024-10-11T13:39:05","slug":"exelsius-3","status":"publish","type":"product","link":"https:\/\/amtest-group.com\/sk\/product\/exelsius-3\/","title":{"rendered":"Exelsius"},"content":{"rendered":"<p><strong>Exelsius<\/strong>, l\u00edder v oblasti pokro\u010dil\u00fdch technol\u00f3gi\u00ed, pon\u00faka rad vysokov\u00fdkonn\u00fdch vytvrdzovac\u00edch pec\u00ed navrhnut\u00fdch pre priemyseln\u00e9 aplik\u00e1cie.<\/p>\n<p>So zameran\u00edm na efektivitu, bezpe\u010dnos\u0165 a v\u0161estrannos\u0165 zah\u0155\u0148a s\u00e9ria UV-9 pec\u00ed na vytvrdzovanie s UV LED a UV ARC technol\u00f3giou, zatia\u013e \u010do pec XCC IR je zameran\u00e1 na vytvrdzovanie pomocou infra\u010derven\u00e9ho svetla. Tieto najmodernej\u0161ie syst\u00e9my s\u00fa prisp\u00f4soben\u00e9 r\u00fdchlo sa meniacim potreb\u00e1m na procesy nan\u00e1\u0161ania n\u00e1terov a lepidiel a pon\u00fakaj\u00fa prisp\u00f4sobite\u013en\u00e9 rie\u0161enia pre r\u00f4zne odvetvia.<\/p>\n","protected":false},"excerpt":{"rendered":"<p>Exelsius, l\u00edder v oblasti pokro\u010dil\u00fdch technol\u00f3gi\u00ed, pon\u00faka rad vysokov\u00fdkonn\u00fdch vytvrdzovac\u00edch pec\u00ed navrhnut\u00fdch pre priemyseln\u00e9 aplik\u00e1cie. So zameran\u00edm na efektivitu, bezpe\u010dnos\u0165 a v\u0161estrannos\u0165 zah\u0155\u0148a s\u00e9ria UV-9 pec\u00ed na vytvrdzovanie s UV LED a UV ARC technol\u00f3giou, zatia\u013e \u010do pec XCC IR je zameran\u00e1 na vytvrdzovanie pomocou infra\u010derven\u00e9ho svetla. Tieto najmodernej\u0161ie syst\u00e9my s\u00fa prisp\u00f4soben\u00e9 r\u00fdchlo sa meniacim [&hellip;]<\/p>\n","protected":false},"featured_media":0,"parent":0,"menu_order":0,"template":"template-product.php","meta":{"_uf_show_specific_survey":0,"_uf_disable_surveys":false},"categories":[289],"class_list":["post-12858","product","type-product","status-publish","hentry","category-vytvrdzovacie-pece"],"aioseo_notices":[],"_links":{"self":[{"href":"https:\/\/amtest-group.com\/sk\/wp-json\/wp\/v2\/product\/12858","targetHints":{"allow":["GET"]}}],"collection":[{"href":"https:\/\/amtest-group.com\/sk\/wp-json\/wp\/v2\/product"}],"about":[{"href":"https:\/\/amtest-group.com\/sk\/wp-json\/wp\/v2\/types\/product"}],"wp:attachment":[{"href":"https:\/\/amtest-group.com\/sk\/wp-json\/wp\/v2\/media?parent=12858"}],"wp:term":[{"taxonomy":"category","embeddable":true,"href":"https:\/\/amtest-group.com\/sk\/wp-json\/wp\/v2\/categories?post=12858"}],"curies":[{"name":"wp","href":"https:\/\/api.w.org\/{rel}","templated":true}]}}