{"id":12856,"date":"2024-01-05T14:07:14","date_gmt":"2024-01-05T13:07:14","guid":{"rendered":"https:\/\/amtest-group.com\/product\/i-c-t\/"},"modified":"2024-10-11T15:35:59","modified_gmt":"2024-10-11T13:35:59","slug":"i-c-t","status":"publish","type":"product","link":"https:\/\/amtest-group.com\/sk\/product\/i-c-t\/","title":{"rendered":"I.C.T"},"content":{"rendered":"<p><strong>InterContinental Technology (I.C.T)<\/strong> sa po\u010das posledn\u00fdch dvoch desa\u0165ro\u010d\u00ed stala popredn\u00fdm glob\u00e1lnym poskytovate\u013eom inteligentn\u00fdch rie\u0161en\u00ed v oblasti v\u00fdrobn\u00fdch zariaden\u00ed.<\/p>\n<p>S 25-ro\u010dn\u00fdmi sk\u00fasenos\u0165ami v odvetv\u00ed povrchovej mont\u00e1\u017enej technol\u00f3gie (SMT) je <strong>I.C.T<\/strong> k\u013e\u00fa\u010dov\u00fdm hr\u00e1\u010dom v poskytovan\u00ed odborn\u00fdch rie\u0161en\u00ed pre SMT v\u00fdrobu.<\/p>\n","protected":false},"excerpt":{"rendered":"<p>InterContinental Technology (I.C.T) sa po\u010das posledn\u00fdch dvoch desa\u0165ro\u010d\u00ed stala popredn\u00fdm glob\u00e1lnym poskytovate\u013eom inteligentn\u00fdch rie\u0161en\u00ed v oblasti v\u00fdrobn\u00fdch zariaden\u00ed. S 25-ro\u010dn\u00fdmi sk\u00fasenos\u0165ami v odvetv\u00ed povrchovej mont\u00e1\u017enej technol\u00f3gie (SMT) je I.C.T k\u013e\u00fa\u010dov\u00fdm hr\u00e1\u010dom v poskytovan\u00ed odborn\u00fdch rie\u0161en\u00ed pre SMT v\u00fdrobu.<\/p>\n","protected":false},"featured_media":0,"parent":0,"menu_order":0,"template":"template-product.php","meta":{"_uf_show_specific_survey":0,"_uf_disable_surveys":false},"categories":[216],"class_list":["post-12856","product","type-product","status-publish","hentry","category-pretavovacie-pece"],"aioseo_notices":[],"_links":{"self":[{"href":"https:\/\/amtest-group.com\/sk\/wp-json\/wp\/v2\/product\/12856","targetHints":{"allow":["GET"]}}],"collection":[{"href":"https:\/\/amtest-group.com\/sk\/wp-json\/wp\/v2\/product"}],"about":[{"href":"https:\/\/amtest-group.com\/sk\/wp-json\/wp\/v2\/types\/product"}],"wp:attachment":[{"href":"https:\/\/amtest-group.com\/sk\/wp-json\/wp\/v2\/media?parent=12856"}],"wp:term":[{"taxonomy":"category","embeddable":true,"href":"https:\/\/amtest-group.com\/sk\/wp-json\/wp\/v2\/categories?post=12856"}],"curies":[{"name":"wp","href":"https:\/\/api.w.org\/{rel}","templated":true}]}}