{"id":12855,"date":"2023-04-19T11:10:51","date_gmt":"2023-04-19T09:10:51","guid":{"rendered":"https:\/\/amtest-group.com\/product\/mstech-3\/"},"modified":"2024-10-11T15:33:06","modified_gmt":"2024-10-11T13:33:06","slug":"mstech-3","status":"publish","type":"product","link":"https:\/\/amtest-group.com\/sk\/product\/mstech-3\/","title":{"rendered":"MSTech"},"content":{"rendered":"<p>Spolo\u010dnos\u0165 <strong>MSTECH<\/strong>, zalo\u017een\u00e1 v roku 1996, m\u00e1 viac ako 20 rokov sk\u00fasenost\u00ed s poskytovan\u00edm automatiza\u010dn\u00fdch rie\u0161en\u00ed pre elektronick\u00fd priemysel, so \u0161pecializ\u00e1ciou na depaneliz\u00e1ciu.<\/p>\n<p>Po\u010das rokov si vybudovali poz\u00edciu l\u00eddra v r\u00f4znych sektoroch, ako je spotrebn\u00e1 elektronika, mobiln\u00e9 telef\u00f3ny a automobilov\u00fd priemysel, pri\u010dom spl\u0148aj\u00fa po\u017eiadavky aj t\u00fdch najn\u00e1ro\u010dnej\u0161\u00edch \u0161tandardov popredn\u00fdch spolo\u010dnost\u00ed.<\/p>\n","protected":false},"excerpt":{"rendered":"<p>Spolo\u010dnos\u0165 MSTECH, zalo\u017een\u00e1 v roku 1996, m\u00e1 viac ako 20 rokov sk\u00fasenost\u00ed s poskytovan\u00edm automatiza\u010dn\u00fdch rie\u0161en\u00ed pre elektronick\u00fd priemysel, so \u0161pecializ\u00e1ciou na depaneliz\u00e1ciu. Po\u010das rokov si vybudovali poz\u00edciu l\u00eddra v r\u00f4znych sektoroch, ako je spotrebn\u00e1 elektronika, mobiln\u00e9 telef\u00f3ny a automobilov\u00fd priemysel, pri\u010dom spl\u0148aj\u00fa po\u017eiadavky aj t\u00fdch najn\u00e1ro\u010dnej\u0161\u00edch \u0161tandardov popredn\u00fdch spolo\u010dnost\u00ed.<\/p>\n","protected":false},"featured_media":0,"parent":0,"menu_order":0,"template":"template-product.php","meta":{"_uf_show_specific_survey":0,"_uf_disable_surveys":false},"categories":[208],"class_list":["post-12855","product","type-product","status-publish","hentry","category-automaticka-opticka-inspekcia-naneseneho-filmu-laku"],"aioseo_notices":[],"_links":{"self":[{"href":"https:\/\/amtest-group.com\/sk\/wp-json\/wp\/v2\/product\/12855","targetHints":{"allow":["GET"]}}],"collection":[{"href":"https:\/\/amtest-group.com\/sk\/wp-json\/wp\/v2\/product"}],"about":[{"href":"https:\/\/amtest-group.com\/sk\/wp-json\/wp\/v2\/types\/product"}],"wp:attachment":[{"href":"https:\/\/amtest-group.com\/sk\/wp-json\/wp\/v2\/media?parent=12855"}],"wp:term":[{"taxonomy":"category","embeddable":true,"href":"https:\/\/amtest-group.com\/sk\/wp-json\/wp\/v2\/categories?post=12855"}],"curies":[{"name":"wp","href":"https:\/\/api.w.org\/{rel}","templated":true}]}}