{"id":12853,"date":"2023-04-19T12:24:50","date_gmt":"2023-04-19T10:24:50","guid":{"rendered":"https:\/\/amtest-group.com\/product\/x-treme-series\/"},"modified":"2024-10-11T15:29:00","modified_gmt":"2024-10-11T13:29:00","slug":"x-treme-series","status":"publish","type":"product","link":"https:\/\/amtest-group.com\/sk\/product\/x-treme-series\/","title":{"rendered":"X-Treme Series"},"content":{"rendered":"<p>Spolo\u010dnos\u0165 <strong>X-Treme Series<\/strong> so s\u00eddlom v Turecku, je na trhu akt\u00edvna od roku 1987 a je uzn\u00e1vanou ochrannou zn\u00e1mkou spolo\u010dnosti EMT Electronics pre automatick\u00e9 su\u0161iace skrine.<\/p>\n<p>Najr\u00fdchlej\u0161ie su\u0161iace skrine na su\u0161enie a zahrievanie elektronick\u00fdch komponentov. Tieto su\u0161iace skrine <strong>X-Treme Series<\/strong> s najnov\u0161\u00edmi technologick\u00fdmi rie\u0161eniami sa pou\u017e\u00edvaj\u00fa na ochranu materi\u00e1lov citliv\u00fdch na vlhkos\u0165 (MSD).<\/p>\n","protected":false},"excerpt":{"rendered":"<p>Spolo\u010dnos\u0165 X-Treme Series so s\u00eddlom v Turecku, je na trhu akt\u00edvna od roku 1987 a je uzn\u00e1vanou ochrannou zn\u00e1mkou spolo\u010dnosti EMT Electronics pre automatick\u00e9 su\u0161iace skrine. Najr\u00fdchlej\u0161ie su\u0161iace skrine na su\u0161enie a zahrievanie elektronick\u00fdch komponentov. Tieto su\u0161iace skrine X-Treme Series s najnov\u0161\u00edmi technologick\u00fdmi rie\u0161eniami sa pou\u017e\u00edvaj\u00fa na ochranu materi\u00e1lov citliv\u00fdch na vlhkos\u0165 (MSD).<\/p>\n","protected":false},"featured_media":0,"parent":0,"menu_order":0,"template":"template-product.php","meta":{"_uf_show_specific_survey":0,"_uf_disable_surveys":false},"categories":[288],"class_list":["post-12853","product","type-product","status-publish","hentry","category-automaticke-vysusacie-kabinety"],"aioseo_notices":[],"_links":{"self":[{"href":"https:\/\/amtest-group.com\/sk\/wp-json\/wp\/v2\/product\/12853","targetHints":{"allow":["GET"]}}],"collection":[{"href":"https:\/\/amtest-group.com\/sk\/wp-json\/wp\/v2\/product"}],"about":[{"href":"https:\/\/amtest-group.com\/sk\/wp-json\/wp\/v2\/types\/product"}],"wp:attachment":[{"href":"https:\/\/amtest-group.com\/sk\/wp-json\/wp\/v2\/media?parent=12853"}],"wp:term":[{"taxonomy":"category","embeddable":true,"href":"https:\/\/amtest-group.com\/sk\/wp-json\/wp\/v2\/categories?post=12853"}],"curies":[{"name":"wp","href":"https:\/\/api.w.org\/{rel}","templated":true}]}}