{"id":12851,"date":"2024-01-05T16:00:10","date_gmt":"2024-01-05T15:00:10","guid":{"rendered":"https:\/\/amtest-group.com\/product\/universal-instruments-3\/"},"modified":"2024-10-11T15:17:59","modified_gmt":"2024-10-11T13:17:59","slug":"universal-instruments-3","status":"publish","type":"product","link":"https:\/\/amtest-group.com\/sk\/product\/universal-instruments-3\/","title":{"rendered":"Universal Instruments"},"content":{"rendered":"<p><strong>Universal Instruments<\/strong> pon\u00faka flexibiln\u00e9 zariadenia pre mont\u00e1\u017e elektroniky.<\/p>\n<p>Jedn\u00e1 sa o spolo\u010dnos\u0165 zo \u0161irokou \u0161k\u00e1lou plne integrovan\u00fdch technol\u00f3gi\u00ed s odborn\u00fdm a procesn\u00fdm know-how a prvotriednou sie\u0165ou podpory na poskytnutie ide\u00e1lnych rie\u0161en\u00ed pre \u0161pecifick\u00e9 po\u017eiadavky.<\/p>\n","protected":false},"excerpt":{"rendered":"<p>Universal Instruments pon\u00faka flexibiln\u00e9 zariadenia pre mont\u00e1\u017e elektroniky. Jedn\u00e1 sa o spolo\u010dnos\u0165 zo \u0161irokou \u0161k\u00e1lou plne integrovan\u00fdch technol\u00f3gi\u00ed s odborn\u00fdm a procesn\u00fdm know-how a prvotriednou sie\u0165ou podpory na poskytnutie ide\u00e1lnych rie\u0161en\u00ed pre \u0161pecifick\u00e9 po\u017eiadavky.<\/p>\n","protected":false},"featured_media":0,"parent":0,"menu_order":0,"template":"template-product.php","meta":{"_uf_show_specific_survey":0,"_uf_disable_surveys":false},"categories":[287],"class_list":["post-12851","product","type-product","status-publish","hentry","category-advanced-packaging-sk"],"aioseo_notices":[],"_links":{"self":[{"href":"https:\/\/amtest-group.com\/sk\/wp-json\/wp\/v2\/product\/12851","targetHints":{"allow":["GET"]}}],"collection":[{"href":"https:\/\/amtest-group.com\/sk\/wp-json\/wp\/v2\/product"}],"about":[{"href":"https:\/\/amtest-group.com\/sk\/wp-json\/wp\/v2\/types\/product"}],"wp:attachment":[{"href":"https:\/\/amtest-group.com\/sk\/wp-json\/wp\/v2\/media?parent=12851"}],"wp:term":[{"taxonomy":"category","embeddable":true,"href":"https:\/\/amtest-group.com\/sk\/wp-json\/wp\/v2\/categories?post=12851"}],"curies":[{"name":"wp","href":"https:\/\/api.w.org\/{rel}","templated":true}]}}