{"id":362,"date":"2023-03-24T08:35:10","date_gmt":"2023-03-24T07:35:10","guid":{"rendered":"https:\/\/amtest.virtus3-projekti.com\/contact\/"},"modified":"2023-04-25T12:06:37","modified_gmt":"2023-04-25T10:06:37","slug":"contact","status":"publish","type":"page","link":"https:\/\/amtest-group.com\/sk\/contact\/","title":{"rendered":"Kontakt"},"content":{"rendered":"<p>Radi by sme od v\u00e1s po\u010duli! Ak sa chcete s nami spoji\u0165, vypl\u0148te formul\u00e1r ni\u017e\u0161ie.<\/p>\n","protected":false},"excerpt":{"rendered":"<p>Radi by sme od v\u00e1s po\u010duli! Ak sa chcete s nami spoji\u0165, vypl\u0148te formul\u00e1r ni\u017e\u0161ie.<\/p>\n","protected":false},"author":1,"featured_media":1207,"parent":0,"menu_order":0,"comment_status":"closed","ping_status":"closed","template":"template-contact.php","meta":{"_uf_show_specific_survey":0,"_uf_disable_surveys":false,"footnotes":""},"class_list":["post-362","page","type-page","status-publish","has-post-thumbnail","hentry"],"aioseo_notices":[],"_links":{"self":[{"href":"https:\/\/amtest-group.com\/sk\/wp-json\/wp\/v2\/pages\/362","targetHints":{"allow":["GET"]}}],"collection":[{"href":"https:\/\/amtest-group.com\/sk\/wp-json\/wp\/v2\/pages"}],"about":[{"href":"https:\/\/amtest-group.com\/sk\/wp-json\/wp\/v2\/types\/page"}],"author":[{"embeddable":true,"href":"https:\/\/amtest-group.com\/sk\/wp-json\/wp\/v2\/users\/1"}],"replies":[{"embeddable":true,"href":"https:\/\/amtest-group.com\/sk\/wp-json\/wp\/v2\/comments?post=362"}],"version-history":[{"count":6,"href":"https:\/\/amtest-group.com\/sk\/wp-json\/wp\/v2\/pages\/362\/revisions"}],"predecessor-version":[{"id":1215,"href":"https:\/\/amtest-group.com\/sk\/wp-json\/wp\/v2\/pages\/362\/revisions\/1215"}],"wp:featuredmedia":[{"embeddable":true,"href":"https:\/\/amtest-group.com\/sk\/wp-json\/wp\/v2\/media\/1207"}],"wp:attachment":[{"href":"https:\/\/amtest-group.com\/sk\/wp-json\/wp\/v2\/media?parent=362"}],"curies":[{"name":"wp","href":"https:\/\/api.w.org\/{rel}","templated":true}]}}