{"id":314,"date":"2023-04-19T12:29:42","date_gmt":"2023-04-19T10:29:42","guid":{"rendered":"https:\/\/amtest.virtus3-projekti.com\/?post_type=product&#038;p=314"},"modified":"2023-05-25T16:20:56","modified_gmt":"2023-05-25T14:20:56","slug":"r2r","status":"publish","type":"product","link":"https:\/\/amtest-group.com\/ro\/product\/r2r\/","title":{"rendered":"R2R"},"content":{"rendered":"<p><b>R2R<\/b><span style=\"font-weight: 400;\"> este unul dintre liderii din domeniul consumabilelor de cur\u0103<\/span><span style=\"font-weight: 400;\">\u021b<\/span><span style=\"font-weight: 400;\">are pentru industria de serigrafie <\/span><span style=\"font-weight: 400;\">\u0219<\/span><span style=\"font-weight: 400;\">i ofer\u0103 gam\u0103 larg\u0103 de solu<\/span><span style=\"font-weight: 400;\">\u021b<\/span><span style=\"font-weight: 400;\">ii pentru diverse produse, la pre<\/span><span style=\"font-weight: 400;\">\u021b<\/span><span style=\"font-weight: 400;\">uri foarte convenabile.<\/span><\/p>\n<p><span style=\"font-weight: 400;\">De peste 20 de ani,<\/span><b> R2R<\/b><span style=\"font-weight: 400;\"> produce role pentru cur\u0103<\/span><span style=\"font-weight: 400;\">\u021b<\/span><span style=\"font-weight: 400;\">are a imprimantelor pentru serigrafie SMT.\u00a0<\/span><\/p>\n","protected":false},"excerpt":{"rendered":"<p>R2R este unul dintre liderii din domeniul consumabilelor de cur\u0103\u021bare pentru industria de serigrafie \u0219i ofer\u0103 gam\u0103 larg\u0103 de solu\u021bii pentru diverse produse, la pre\u021buri foarte convenabile. De peste 20 de ani, R2R produce role pentru cur\u0103\u021bare a imprimantelor pentru serigrafie SMT.\u00a0<\/p>\n","protected":false},"featured_media":0,"parent":0,"menu_order":0,"template":"template-product.php","meta":{"_uf_show_specific_survey":0,"_uf_disable_surveys":false},"categories":[205],"class_list":["post-314","product","type-product","status-publish","hentry","category-materiale-consumabile"],"aioseo_notices":[],"_links":{"self":[{"href":"https:\/\/amtest-group.com\/ro\/wp-json\/wp\/v2\/product\/314","targetHints":{"allow":["GET"]}}],"collection":[{"href":"https:\/\/amtest-group.com\/ro\/wp-json\/wp\/v2\/product"}],"about":[{"href":"https:\/\/amtest-group.com\/ro\/wp-json\/wp\/v2\/types\/product"}],"wp:attachment":[{"href":"https:\/\/amtest-group.com\/ro\/wp-json\/wp\/v2\/media?parent=314"}],"wp:term":[{"taxonomy":"category","embeddable":true,"href":"https:\/\/amtest-group.com\/ro\/wp-json\/wp\/v2\/categories?post=314"}],"curies":[{"name":"wp","href":"https:\/\/api.w.org\/{rel}","templated":true}]}}