{"id":312,"date":"2023-04-19T12:29:27","date_gmt":"2023-04-19T10:29:27","guid":{"rendered":"https:\/\/amtest.virtus3-projekti.com\/?post_type=product&#038;p=312"},"modified":"2023-05-25T14:39:00","modified_gmt":"2023-05-25T12:39:00","slug":"gen3","status":"publish","type":"product","link":"https:\/\/amtest-group.com\/ro\/product\/gen3\/","title":{"rendered":"Gen3"},"content":{"rendered":"<p><b>Gen3 Systems <\/b><span style=\"font-weight: 400;\">ofer\u0103 solu<\/span><span style=\"font-weight: 400;\">\u021b<\/span><span style=\"font-weight: 400;\">ii de testare <\/span><span style=\"font-weight: 400;\">\u0219<\/span><span style=\"font-weight: 400;\">i m\u0103surare \u00een industria electronic\u0103 de mai mult de 40 de ani.<\/span><\/p>\n<p><span style=\"font-weight: 400;\">Aceast\u0103 companie dezvolt\u0103, concepe <\/span><span style=\"font-weight: 400;\">\u0219<\/span><span style=\"font-weight: 400;\">i produce echipamente de testare pentru circuitele dvs., protej\u00e2ndu-le s\u0103 nu se deterioreze pe teren.<\/span><\/p>\n","protected":false},"excerpt":{"rendered":"<p>Gen3 Systems ofer\u0103 solu\u021bii de testare \u0219i m\u0103surare \u00een industria electronic\u0103 de mai mult de 40 de ani. Aceast\u0103 companie dezvolt\u0103, concepe \u0219i produce echipamente de testare pentru circuitele dvs., protej\u00e2ndu-le s\u0103 nu se deterioreze pe teren.<\/p>\n","protected":false},"featured_media":0,"parent":0,"menu_order":0,"template":"template-product.php","meta":{"_uf_show_specific_survey":0,"_uf_disable_surveys":false},"categories":[204],"class_list":["post-312","product","type-product","status-publish","hentry","category-testarea"],"aioseo_notices":[],"_links":{"self":[{"href":"https:\/\/amtest-group.com\/ro\/wp-json\/wp\/v2\/product\/312","targetHints":{"allow":["GET"]}}],"collection":[{"href":"https:\/\/amtest-group.com\/ro\/wp-json\/wp\/v2\/product"}],"about":[{"href":"https:\/\/amtest-group.com\/ro\/wp-json\/wp\/v2\/types\/product"}],"wp:attachment":[{"href":"https:\/\/amtest-group.com\/ro\/wp-json\/wp\/v2\/media?parent=312"}],"wp:term":[{"taxonomy":"category","embeddable":true,"href":"https:\/\/amtest-group.com\/ro\/wp-json\/wp\/v2\/categories?post=312"}],"curies":[{"name":"wp","href":"https:\/\/api.w.org\/{rel}","templated":true}]}}