{"id":308,"date":"2023-04-19T12:22:54","date_gmt":"2023-04-19T10:22:54","guid":{"rendered":"https:\/\/amtest.virtus3-projekti.com\/?post_type=product&#038;p=308"},"modified":"2023-05-25T14:03:36","modified_gmt":"2023-05-25T12:03:36","slug":"elite-automatic","status":"publish","type":"product","link":"https:\/\/amtest-group.com\/ro\/product\/elite-automatic\/","title":{"rendered":"Elite Automatic"},"content":{"rendered":"<p><b>Elite Automatic Co., Ltd<\/b><span style=\"font-weight: 400;\">, o companie taiwanez\u0103 \u00eenfiin<\/span><span style=\"font-weight: 400;\">\u021b<\/span><span style=\"font-weight: 400;\">at\u0103 \u00een anul 1989, a c\u0103p\u0103tat o reputa<\/span><span style=\"font-weight: 400;\">\u021b<\/span><span style=\"font-weight: 400;\">ie puternic\u0103 \u00een industria SMT \u00een ultimii 30 de ani.<\/span><\/p>\n<p><b>Elite Automatic<\/b><span style=\"font-weight: 400;\"> este mai bun\u0103 solu<\/span><span style=\"font-weight: 400;\">\u021b<\/span><span style=\"font-weight: 400;\">ie pentru depanelarea PCB cu solu<\/span><span style=\"font-weight: 400;\">\u021b<\/span><span style=\"font-weight: 400;\">ia sa offline cu o fa<\/span><span style=\"font-weight: 400;\">\u021b<\/span><span style=\"font-weight: 400;\">\u0103 sau cu dou\u0103 fe<\/span><span style=\"font-weight: 400;\">\u021b<\/span><span style=\"font-weight: 400;\">e sau cu sistemele sale inovative Elite in-line.<\/span><\/p>\n","protected":false},"excerpt":{"rendered":"<p>Elite Automatic Co., Ltd, o companie taiwanez\u0103 \u00eenfiin\u021bat\u0103 \u00een anul 1989, a c\u0103p\u0103tat o reputa\u021bie puternic\u0103 \u00een industria SMT \u00een ultimii 30 de ani. Elite Automatic este mai bun\u0103 solu\u021bie pentru depanelarea PCB cu solu\u021bia sa offline cu o fa\u021b\u0103 sau cu dou\u0103 fe\u021be sau cu sistemele sale inovative Elite in-line.<\/p>\n","protected":false},"featured_media":0,"parent":0,"menu_order":0,"template":"template-product.php","meta":{"_uf_show_specific_survey":0,"_uf_disable_surveys":false},"categories":[200],"class_list":["post-308","product","type-product","status-publish","hentry","category-depanelarea"],"aioseo_notices":[],"_links":{"self":[{"href":"https:\/\/amtest-group.com\/ro\/wp-json\/wp\/v2\/product\/308","targetHints":{"allow":["GET"]}}],"collection":[{"href":"https:\/\/amtest-group.com\/ro\/wp-json\/wp\/v2\/product"}],"about":[{"href":"https:\/\/amtest-group.com\/ro\/wp-json\/wp\/v2\/types\/product"}],"wp:attachment":[{"href":"https:\/\/amtest-group.com\/ro\/wp-json\/wp\/v2\/media?parent=308"}],"wp:term":[{"taxonomy":"category","embeddable":true,"href":"https:\/\/amtest-group.com\/ro\/wp-json\/wp\/v2\/categories?post=308"}],"curies":[{"name":"wp","href":"https:\/\/api.w.org\/{rel}","templated":true}]}}