{"id":30794,"date":"2026-01-02T08:14:44","date_gmt":"2026-01-02T07:14:44","guid":{"rendered":"https:\/\/amtest-group.com\/product\/maker-ray-2\/"},"modified":"2026-01-29T10:44:25","modified_gmt":"2026-01-29T09:44:25","slug":"maker-ray-2","status":"publish","type":"product","link":"https:\/\/amtest-group.com\/ro\/product\/maker-ray-2\/","title":{"rendered":"MAKER-RAY"},"content":{"rendered":"<p><strong>MAKER-RAY<\/strong> este o companie orientat\u0103 spre produs, specializat\u0103 \u00een solu\u021bii inteligente de inspec\u021bie optic\u0103, cu accent pe sisteme AOI bazate pe inteligen\u021b\u0103 artificial\u0103 pentru procese THT, SMT \u0219i de acoperire.<\/p>\n<p>Prin valorificarea algoritmilor avansa\u021bi de \u00eenv\u0103\u021bare profund\u0103, <strong>MAKER-RAY<\/strong> \u00eembun\u0103t\u0103\u021be\u0219te eficien\u021ba program\u0103rii \u0219i acurate\u021bea detec\u021biei, reduc\u00e2nd semnificativ alarmele false \u2013 dep\u0103\u0219ind astfel limit\u0103rile tehnologiilor tradi\u021bionale de inspec\u021bie.<\/p>\n","protected":false},"excerpt":{"rendered":"<p>MAKER-RAY este o companie orientat\u0103 spre produs, specializat\u0103 \u00een solu\u021bii inteligente de inspec\u021bie optic\u0103, cu accent pe sisteme AOI bazate pe inteligen\u021b\u0103 artificial\u0103 pentru procese THT, SMT \u0219i de acoperire. Prin valorificarea algoritmilor avansa\u021bi de \u00eenv\u0103\u021bare profund\u0103, MAKER-RAY \u00eembun\u0103t\u0103\u021be\u0219te eficien\u021ba program\u0103rii \u0219i acurate\u021bea detec\u021biei, reduc\u00e2nd semnificativ alarmele false \u2013 dep\u0103\u0219ind astfel limit\u0103rile tehnologiilor tradi\u021bionale de [&hellip;]<\/p>\n","protected":false},"featured_media":0,"parent":0,"menu_order":0,"template":"template-product.php","meta":{"_uf_show_specific_survey":0,"_uf_disable_surveys":false},"categories":[344,331],"class_list":["post-30794","product","type-product","status-publish","hentry","category-2d-smt-aoi-inainte-de-cuptor","category-inspectie-optica"],"aioseo_notices":[],"_links":{"self":[{"href":"https:\/\/amtest-group.com\/ro\/wp-json\/wp\/v2\/product\/30794","targetHints":{"allow":["GET"]}}],"collection":[{"href":"https:\/\/amtest-group.com\/ro\/wp-json\/wp\/v2\/product"}],"about":[{"href":"https:\/\/amtest-group.com\/ro\/wp-json\/wp\/v2\/types\/product"}],"wp:attachment":[{"href":"https:\/\/amtest-group.com\/ro\/wp-json\/wp\/v2\/media?parent=30794"}],"wp:term":[{"taxonomy":"category","embeddable":true,"href":"https:\/\/amtest-group.com\/ro\/wp-json\/wp\/v2\/categories?post=30794"}],"curies":[{"name":"wp","href":"https:\/\/api.w.org\/{rel}","templated":true}]}}