{"id":30781,"date":"2026-01-02T09:02:09","date_gmt":"2026-01-02T08:02:09","guid":{"rendered":"https:\/\/amtest-group.com\/product\/mstech-4\/"},"modified":"2026-01-29T09:49:27","modified_gmt":"2026-01-29T08:49:27","slug":"mstech-4","status":"publish","type":"product","link":"https:\/\/amtest-group.com\/ro\/product\/mstech-4\/","title":{"rendered":"MSTech"},"content":{"rendered":"<p><strong>MSTECH<\/strong>, fondat\u0103 \u00een 1996, este un pionier \u00een solu\u021bii de automatizare \u0219i inspec\u021bie pentru industria electronic\u0103 global\u0103.<\/p>\n<p>Sus\u021binut\u0103 de peste dou\u0103zeci de ani de experien\u021b\u0103 tehnologic\u0103, compania ofer\u0103 sisteme de ultim\u0103 genera\u021bie pentru inspec\u021bia acoperirilor conforme, concepute pentru a asigura o acoperire perfect\u0103, precizie a grosimii \u0219i finisaje f\u0103r\u0103 defecte.<\/p>\n","protected":false},"excerpt":{"rendered":"<p>MSTECH, fondat\u0103 \u00een 1996, este un pionier \u00een solu\u021bii de automatizare \u0219i inspec\u021bie pentru industria electronic\u0103 global\u0103. Sus\u021binut\u0103 de peste dou\u0103zeci de ani de experien\u021b\u0103 tehnologic\u0103, compania ofer\u0103 sisteme de ultim\u0103 genera\u021bie pentru inspec\u021bia acoperirilor conforme, concepute pentru a asigura o acoperire perfect\u0103, precizie a grosimii \u0219i finisaje f\u0103r\u0103 defecte.<\/p>\n","protected":false},"featured_media":0,"parent":0,"menu_order":0,"template":"template-product.php","meta":{"_uf_show_specific_survey":0,"_uf_disable_surveys":false},"categories":[347,331],"class_list":["post-30781","product","type-product","status-publish","hentry","category-inspectie-lacuire-selectiva","category-inspectie-optica"],"aioseo_notices":[],"_links":{"self":[{"href":"https:\/\/amtest-group.com\/ro\/wp-json\/wp\/v2\/product\/30781","targetHints":{"allow":["GET"]}}],"collection":[{"href":"https:\/\/amtest-group.com\/ro\/wp-json\/wp\/v2\/product"}],"about":[{"href":"https:\/\/amtest-group.com\/ro\/wp-json\/wp\/v2\/types\/product"}],"wp:attachment":[{"href":"https:\/\/amtest-group.com\/ro\/wp-json\/wp\/v2\/media?parent=30781"}],"wp:term":[{"taxonomy":"category","embeddable":true,"href":"https:\/\/amtest-group.com\/ro\/wp-json\/wp\/v2\/categories?post=30781"}],"curies":[{"name":"wp","href":"https:\/\/api.w.org\/{rel}","templated":true}]}}