{"id":306,"date":"2023-04-19T12:20:36","date_gmt":"2023-04-19T10:20:36","guid":{"rendered":"https:\/\/amtest.virtus3-projekti.com\/?post_type=product&#038;p=306"},"modified":"2023-05-25T13:49:56","modified_gmt":"2023-05-25T11:49:56","slug":"e-flex-smt-microsystems","status":"publish","type":"product","link":"https:\/\/amtest-group.com\/ro\/product\/e-flex-smt-microsystems\/","title":{"rendered":"e-Flex SMT Microsystems"},"content":{"rendered":"<p><span style=\"font-weight: 400;\">Compania, situat\u0103 \u00een Hong Kong, ofer\u0103 o gam\u0103 larg\u0103 de solu<\/span><span style=\"font-weight: 400;\">\u021b<\/span><span style=\"font-weight: 400;\">ii standard <\/span><span style=\"font-weight: 400;\">\u0219<\/span><span style=\"font-weight: 400;\">i tradi<\/span><span style=\"font-weight: 400;\">\u021b<\/span><span style=\"font-weight: 400;\">ionale, pentru manipularea panourilor, la nivel mondial. <\/span><\/p>\n<p><b>e-Flex<\/b><span style=\"font-weight: 400;\"> ofer\u0103 solu<\/span><span style=\"font-weight: 400;\">\u021b<\/span><span style=\"font-weight: 400;\">ii pentru fiecare nevoie, la un cost foarte rezonabil, inclusiv integrarea solu<\/span><span style=\"font-weight: 400;\">\u021b<\/span><span style=\"font-weight: 400;\">iilor noastre complexe de produc<\/span><span style=\"font-weight: 400;\">\u021b<\/span><span style=\"font-weight: 400;\">ie de mas\u0103 ale proiectelor de acoperire cu strat protector. <\/span><\/p>\n","protected":false},"excerpt":{"rendered":"<p>Compania, situat\u0103 \u00een Hong Kong, ofer\u0103 o gam\u0103 larg\u0103 de solu\u021bii standard \u0219i tradi\u021bionale, pentru manipularea panourilor, la nivel mondial. e-Flex ofer\u0103 solu\u021bii pentru fiecare nevoie, la un cost foarte rezonabil, inclusiv integrarea solu\u021biilor noastre complexe de produc\u021bie de mas\u0103 ale proiectelor de acoperire cu strat protector.<\/p>\n","protected":false},"featured_media":0,"parent":0,"menu_order":0,"template":"template-product.php","meta":{"_uf_show_specific_survey":0,"_uf_disable_surveys":false},"categories":[198],"class_list":["post-306","product","type-product","status-publish","hentry","category-manipularea-panourilor"],"aioseo_notices":[],"_links":{"self":[{"href":"https:\/\/amtest-group.com\/ro\/wp-json\/wp\/v2\/product\/306","targetHints":{"allow":["GET"]}}],"collection":[{"href":"https:\/\/amtest-group.com\/ro\/wp-json\/wp\/v2\/product"}],"about":[{"href":"https:\/\/amtest-group.com\/ro\/wp-json\/wp\/v2\/types\/product"}],"wp:attachment":[{"href":"https:\/\/amtest-group.com\/ro\/wp-json\/wp\/v2\/media?parent=306"}],"wp:term":[{"taxonomy":"category","embeddable":true,"href":"https:\/\/amtest-group.com\/ro\/wp-json\/wp\/v2\/categories?post=306"}],"curies":[{"name":"wp","href":"https:\/\/api.w.org\/{rel}","templated":true}]}}