{"id":305,"date":"2023-04-19T12:19:49","date_gmt":"2023-04-19T10:19:49","guid":{"rendered":"https:\/\/amtest.virtus3-projekti.com\/?post_type=product&#038;p=305"},"modified":"2024-09-18T13:17:46","modified_gmt":"2024-09-18T11:17:46","slug":"asscon","status":"publish","type":"product","link":"https:\/\/amtest-group.com\/ro\/product\/asscon\/","title":{"rendered":"Asscon"},"content":{"rendered":"<p><b>Asscon<\/b><span style=\"font-weight: 400;\"> este compania lider de pia<\/span><span style=\"font-weight: 400;\">\u021b<\/span><span style=\"font-weight: 400;\">\u0103 \u00een domeniul lipirii \u00een faz\u0103 de vapori, cu o experien<\/span><span style=\"font-weight: 400;\">\u021b<\/span><span style=\"font-weight: 400;\">\u0103 de peste 25 de ani, ce \u00ee<\/span><span style=\"font-weight: 400;\">\u0219<\/span><span style=\"font-weight: 400;\">i are unitatea de produc<\/span><span style=\"font-weight: 400;\">\u021b<\/span><span style=\"font-weight: 400;\">ie \u00een Germania.<\/span><\/p>\n<p><span style=\"font-weight: 400;\">Pentru procesul de \u00eenc\u0103lzire, opera<\/span><span style=\"font-weight: 400;\">\u021b<\/span><span style=\"font-weight: 400;\">iunea de lipire \u00een faz\u0103 de vapori a ansamblurilor folose<\/span><span style=\"font-weight: 400;\">\u0219<\/span><span style=\"font-weight: 400;\">te energia termic\u0103 emis\u0103 prin schimbarea fazei mediului de transfer termic de la starea gazoas\u0103 la cea lichid\u0103.\u00a0<\/span><\/p>\n","protected":false},"excerpt":{"rendered":"<p>Asscon este compania lider de pia\u021b\u0103 \u00een domeniul lipirii \u00een faz\u0103 de vapori, cu o experien\u021b\u0103 de peste 25 de ani, ce \u00ee\u0219i are unitatea de produc\u021bie \u00een Germania. Pentru procesul de \u00eenc\u0103lzire, opera\u021biunea de lipire \u00een faz\u0103 de vapori a ansamblurilor folose\u0219te energia termic\u0103 emis\u0103 prin schimbarea fazei mediului de transfer termic de la [&hellip;]<\/p>\n","protected":false},"featured_media":0,"parent":0,"menu_order":0,"template":"template-product.php","meta":{"_uf_show_specific_survey":0,"_uf_disable_surveys":false},"categories":[197],"class_list":["post-305","product","type-product","status-publish","hentry","category-lipirea-in-faza-de-vapori"],"aioseo_notices":[],"_links":{"self":[{"href":"https:\/\/amtest-group.com\/ro\/wp-json\/wp\/v2\/product\/305","targetHints":{"allow":["GET"]}}],"collection":[{"href":"https:\/\/amtest-group.com\/ro\/wp-json\/wp\/v2\/product"}],"about":[{"href":"https:\/\/amtest-group.com\/ro\/wp-json\/wp\/v2\/types\/product"}],"wp:attachment":[{"href":"https:\/\/amtest-group.com\/ro\/wp-json\/wp\/v2\/media?parent=305"}],"wp:term":[{"taxonomy":"category","embeddable":true,"href":"https:\/\/amtest-group.com\/ro\/wp-json\/wp\/v2\/categories?post=305"}],"curies":[{"name":"wp","href":"https:\/\/api.w.org\/{rel}","templated":true}]}}