{"id":302,"date":"2023-04-19T12:17:10","date_gmt":"2023-04-19T10:17:10","guid":{"rendered":"https:\/\/amtest.virtus3-projekti.com\/?post_type=product&#038;p=302"},"modified":"2023-05-25T14:49:20","modified_gmt":"2023-05-25T12:49:20","slug":"heller-industries","status":"publish","type":"product","link":"https:\/\/amtest-group.com\/ro\/product\/heller-industries\/","title":{"rendered":"Heller Industries"},"content":{"rendered":"<p><b>Heller Industries<\/b><span style=\"font-weight: 400;\"> \u2013 \u00eenfiin<\/span><span style=\"font-weight: 400;\">\u021b<\/span><span style=\"font-weight: 400;\">at\u0103 \u00een anul 1960 \u00een SUA, este o companie privat\u0103 <\/span><span style=\"font-weight: 400;\">\u0219<\/span><span style=\"font-weight: 400;\">i lider global de pia<\/span><span style=\"font-weight: 400;\">\u021b<\/span><span style=\"font-weight: 400;\">\u0103 \u00een sisteme de lipire <\/span><span style=\"font-weight: 400;\">\u0219<\/span><span style=\"font-weight: 400;\">i uscare pentru SMT <\/span><span style=\"font-weight: 400;\">\u0219<\/span><span style=\"font-weight: 400;\">i semiconductoare.<\/span><\/p>\n<p><span style=\"font-weight: 400;\">Cele mai scurte zone din industrie asigur\u0103 cea mai bun\u0103 flexibilitate, stabilitate <\/span><span style=\"font-weight: 400;\">\u0219<\/span><span style=\"font-weight: 400;\">i control al profilurilor de lipire. Durata redus\u0103 total\u0103 a sistemelor de lipire reprezint\u0103 un alt element important care joac\u0103 un rol decisiv \u00een luarea deciziilor privind procesele.\u00a0<\/span><\/p>\n","protected":false},"excerpt":{"rendered":"<p>Heller Industries \u2013 \u00eenfiin\u021bat\u0103 \u00een anul 1960 \u00een SUA, este o companie privat\u0103 \u0219i lider global de pia\u021b\u0103 \u00een sisteme de lipire \u0219i uscare pentru SMT \u0219i semiconductoare. Cele mai scurte zone din industrie asigur\u0103 cea mai bun\u0103 flexibilitate, stabilitate \u0219i control al profilurilor de lipire. Durata redus\u0103 total\u0103 a sistemelor de lipire reprezint\u0103 un [&hellip;]<\/p>\n","protected":false},"featured_media":0,"parent":0,"menu_order":0,"template":"template-product.php","meta":{"_uf_show_specific_survey":0,"_uf_disable_surveys":false},"categories":[195],"class_list":["post-302","product","type-product","status-publish","hentry","category-cuptoare-cu-convectie"],"aioseo_notices":[],"_links":{"self":[{"href":"https:\/\/amtest-group.com\/ro\/wp-json\/wp\/v2\/product\/302","targetHints":{"allow":["GET"]}}],"collection":[{"href":"https:\/\/amtest-group.com\/ro\/wp-json\/wp\/v2\/product"}],"about":[{"href":"https:\/\/amtest-group.com\/ro\/wp-json\/wp\/v2\/types\/product"}],"wp:attachment":[{"href":"https:\/\/amtest-group.com\/ro\/wp-json\/wp\/v2\/media?parent=302"}],"wp:term":[{"taxonomy":"category","embeddable":true,"href":"https:\/\/amtest-group.com\/ro\/wp-json\/wp\/v2\/categories?post=302"}],"curies":[{"name":"wp","href":"https:\/\/api.w.org\/{rel}","templated":true}]}}