{"id":298,"date":"2023-04-19T12:08:24","date_gmt":"2023-04-19T10:08:24","guid":{"rendered":"https:\/\/amtest.virtus3-projekti.com\/?post_type=product&#038;p=298"},"modified":"2023-09-06T12:53:57","modified_gmt":"2023-09-06T10:53:57","slug":"hanwha-techwin","status":"publish","type":"product","link":"https:\/\/amtest-group.com\/ro\/product\/hanwha-techwin\/","title":{"rendered":"Hanwha Techwin"},"content":{"rendered":"<p><b>Hanwha Techwin<\/b><span style=\"font-weight: 400;\"> \u2013 acest produc\u0103tor de echipamente a fost cunoscut anterior sub denumirea de Samsung Techwin <\/span><span style=\"font-weight: 400;\">\u0219<\/span><span style=\"font-weight: 400;\">i \u00een prezent de<\/span><span style=\"font-weight: 400;\">\u021b<\/span><span style=\"font-weight: 400;\">ine un portofoliu complex de solu<\/span><span style=\"font-weight: 400;\">\u021b<\/span><span style=\"font-weight: 400;\">ii, precum <\/span><span style=\"font-weight: 400;\">\u0219<\/span><span style=\"font-weight: 400;\">i produc<\/span><span style=\"font-weight: 400;\">\u021b<\/span><span style=\"font-weight: 400;\">ie ce acoper\u0103 diverse volume, at\u00e2t mari, c\u00e2t <\/span><span style=\"font-weight: 400;\">\u0219<\/span><span style=\"font-weight: 400;\">i reduse, la aplica<\/span><span style=\"font-weight: 400;\">\u021b<\/span><span style=\"font-weight: 400;\">ii de produc<\/span><span style=\"font-weight: 400;\">\u021b<\/span><span style=\"font-weight: 400;\">ie de mas\u0103 larg\u0103.<\/span><\/p>\n","protected":false},"excerpt":{"rendered":"<p>Hanwha Techwin \u2013 acest produc\u0103tor de echipamente a fost cunoscut anterior sub denumirea de Samsung Techwin \u0219i \u00een prezent de\u021bine un portofoliu complex de solu\u021bii, precum \u0219i produc\u021bie ce acoper\u0103 diverse volume, at\u00e2t mari, c\u00e2t \u0219i reduse, la aplica\u021bii de produc\u021bie de mas\u0103 larg\u0103.<\/p>\n","protected":false},"featured_media":0,"parent":0,"menu_order":0,"template":"template-product.php","meta":{"_uf_show_specific_survey":0,"_uf_disable_surveys":false},"categories":[193],"class_list":["post-298","product","type-product","status-publish","hentry","category-plantare-componente-electronice"],"aioseo_notices":[],"_links":{"self":[{"href":"https:\/\/amtest-group.com\/ro\/wp-json\/wp\/v2\/product\/298","targetHints":{"allow":["GET"]}}],"collection":[{"href":"https:\/\/amtest-group.com\/ro\/wp-json\/wp\/v2\/product"}],"about":[{"href":"https:\/\/amtest-group.com\/ro\/wp-json\/wp\/v2\/types\/product"}],"wp:attachment":[{"href":"https:\/\/amtest-group.com\/ro\/wp-json\/wp\/v2\/media?parent=298"}],"wp:term":[{"taxonomy":"category","embeddable":true,"href":"https:\/\/amtest-group.com\/ro\/wp-json\/wp\/v2\/categories?post=298"}],"curies":[{"name":"wp","href":"https:\/\/api.w.org\/{rel}","templated":true}]}}