{"id":296,"date":"2023-04-19T11:35:35","date_gmt":"2023-04-19T09:35:35","guid":{"rendered":"https:\/\/amtest.virtus3-projekti.com\/?post_type=product&#038;p=296"},"modified":"2023-05-25T16:02:08","modified_gmt":"2023-05-25T14:02:08","slug":"nordson-select","status":"publish","type":"product","link":"https:\/\/amtest-group.com\/ro\/product\/nordson-select\/","title":{"rendered":"Nordson Select"},"content":{"rendered":"<p><b>Nordson<\/b><span style=\"font-weight: 400;\">, o companie NASDAQ cu spa<\/span><span style=\"font-weight: 400;\">\u021b<\/span><span style=\"font-weight: 400;\">iile sale de produc<\/span><span style=\"font-weight: 400;\">\u021b<\/span><span style=\"font-weight: 400;\">ie pentru <\/span><b>Nordson Select<\/b><span style=\"font-weight: 400;\"> situate \u00een Germania, este un produc\u0103tor \u00een plin\u0103 dezvoltare care proiecteaz\u0103 solu<\/span><span style=\"font-weight: 400;\">\u021b<\/span><span style=\"font-weight: 400;\">ii de lipire selectiv\u0103, sus<\/span><span style=\"font-weight: 400;\">\u021b<\/span><span style=\"font-weight: 400;\">inut\u0103 de o re<\/span><span style=\"font-weight: 400;\">\u021b<\/span><span style=\"font-weight: 400;\">ea global\u0103 de service.<\/span><\/p>\n","protected":false},"excerpt":{"rendered":"<p>Nordson, o companie NASDAQ cu spa\u021biile sale de produc\u021bie pentru Nordson Select situate \u00een Germania, este un produc\u0103tor \u00een plin\u0103 dezvoltare care proiecteaz\u0103 solu\u021bii de lipire selectiv\u0103, sus\u021binut\u0103 de o re\u021bea global\u0103 de service.<\/p>\n","protected":false},"featured_media":0,"parent":0,"menu_order":0,"template":"template-product.php","meta":{"_uf_show_specific_survey":0,"_uf_disable_surveys":false},"categories":[191],"class_list":["post-296","product","type-product","status-publish","hentry","category-lipire-selectiva"],"aioseo_notices":[],"_links":{"self":[{"href":"https:\/\/amtest-group.com\/ro\/wp-json\/wp\/v2\/product\/296","targetHints":{"allow":["GET"]}}],"collection":[{"href":"https:\/\/amtest-group.com\/ro\/wp-json\/wp\/v2\/product"}],"about":[{"href":"https:\/\/amtest-group.com\/ro\/wp-json\/wp\/v2\/types\/product"}],"wp:attachment":[{"href":"https:\/\/amtest-group.com\/ro\/wp-json\/wp\/v2\/media?parent=296"}],"wp:term":[{"taxonomy":"category","embeddable":true,"href":"https:\/\/amtest-group.com\/ro\/wp-json\/wp\/v2\/categories?post=296"}],"curies":[{"name":"wp","href":"https:\/\/api.w.org\/{rel}","templated":true}]}}