{"id":291,"date":"2023-04-19T11:18:07","date_gmt":"2023-04-19T09:18:07","guid":{"rendered":"https:\/\/amtest.virtus3-projekti.com\/?post_type=product&#038;p=291"},"modified":"2023-05-25T14:27:16","modified_gmt":"2023-05-25T12:27:16","slug":"exelsius","status":"publish","type":"product","link":"https:\/\/amtest-group.com\/ro\/product\/exelsius\/","title":{"rendered":"Exelsius"},"content":{"rendered":"<p><span style=\"font-weight: 400;\">\u00cencep\u00e2nd cu anul 1990, <\/span><b>Exelsius<\/b><span style=\"font-weight: 400;\"> concepe, produce <\/span><span style=\"font-weight: 400;\">\u0219<\/span><span style=\"font-weight: 400;\">i \u00eentre<\/span><span style=\"font-weight: 400;\">\u021b<\/span><span style=\"font-weight: 400;\">ine echipamente de prim\u0103 clas\u0103 pentru industria PCBA, de la aeronautic\u0103, la ap\u0103rare, de la automobile, la servicii electronice.<\/span><\/p>\n","protected":false},"excerpt":{"rendered":"<p>\u00cencep\u00e2nd cu anul 1990, Exelsius concepe, produce \u0219i \u00eentre\u021bine echipamente de prim\u0103 clas\u0103 pentru industria PCBA, de la aeronautic\u0103, la ap\u0103rare, de la automobile, la servicii electronice.<\/p>\n","protected":false},"featured_media":0,"parent":0,"menu_order":0,"template":"template-product.php","meta":{"_uf_show_specific_survey":0,"_uf_disable_surveys":false},"categories":[186],"class_list":["post-291","product","type-product","status-publish","hentry","category-activare-plasma"],"aioseo_notices":[],"_links":{"self":[{"href":"https:\/\/amtest-group.com\/ro\/wp-json\/wp\/v2\/product\/291","targetHints":{"allow":["GET"]}}],"collection":[{"href":"https:\/\/amtest-group.com\/ro\/wp-json\/wp\/v2\/product"}],"about":[{"href":"https:\/\/amtest-group.com\/ro\/wp-json\/wp\/v2\/types\/product"}],"wp:attachment":[{"href":"https:\/\/amtest-group.com\/ro\/wp-json\/wp\/v2\/media?parent=291"}],"wp:term":[{"taxonomy":"category","embeddable":true,"href":"https:\/\/amtest-group.com\/ro\/wp-json\/wp\/v2\/categories?post=291"}],"curies":[{"name":"wp","href":"https:\/\/api.w.org\/{rel}","templated":true}]}}