{"id":290,"date":"2023-04-19T11:15:52","date_gmt":"2023-04-19T09:15:52","guid":{"rendered":"https:\/\/amtest.virtus3-projekti.com\/?post_type=product&#038;p=290"},"modified":"2023-09-06T12:45:08","modified_gmt":"2023-09-06T10:45:08","slug":"nordson-asymtek","status":"publish","type":"product","link":"https:\/\/amtest-group.com\/ro\/product\/nordson-asymtek\/","title":{"rendered":"Nordson Asymtek"},"content":{"rendered":"<p><b>Nordson<\/b><span style=\"font-weight: 400;\"> \u2013 o companie NASDAQ, cu spa<\/span><span style=\"font-weight: 400;\">\u021b<\/span><span style=\"font-weight: 400;\">ii de produc<\/span><span style=\"font-weight: 400;\">\u021b<\/span><span style=\"font-weight: 400;\">ie situate \u00een Statele Unite \u2013 este furnizorul global de solu<\/span><span style=\"font-weight: 400;\">\u021b<\/span><span style=\"font-weight: 400;\">ii de l\u0103cuire selectiv\u0103.<\/span><\/p>\n<p><span style=\"font-weight: 400;\">Tehnologia sa de valve este unic\u0103 \u2013 de la valva de acoperire cu pelicul\u0103\/strat SC-280 \u2013 acoperire unic\u0103 neatomizat\u0103 a muchiilor <\/span><span style=\"font-weight: 400;\">\u0219<\/span><span style=\"font-weight: 400;\">i vitez\u0103 de dozare, la acul cu jet SC-400 pentru micro-electronic\u0103 \u2013 toate sus<\/span><span style=\"font-weight: 400;\">\u021b<\/span><span style=\"font-weight: 400;\">inute de controale de proces, de la controlul laser al l\u0103<\/span><span style=\"font-weight: 400;\">\u021b<\/span><span style=\"font-weight: 400;\">imii ventilatorului, la sisteme de circula<\/span><span style=\"font-weight: 400;\">\u021b<\/span><span style=\"font-weight: 400;\">ie \u00eenc\u0103lzite <\/span><span style=\"font-weight: 400;\">\u0219<\/span><span style=\"font-weight: 400;\">i monitorizare <\/span><span style=\"font-weight: 400;\">\u0219<\/span><span style=\"font-weight: 400;\">i control al fluxului.<\/span><\/p>\n","protected":false},"excerpt":{"rendered":"<p>Nordson \u2013 o companie NASDAQ, cu spa\u021bii de produc\u021bie situate \u00een Statele Unite \u2013 este furnizorul global de solu\u021bii de l\u0103cuire selectiv\u0103. Tehnologia sa de valve este unic\u0103 \u2013 de la valva de acoperire cu pelicul\u0103\/strat SC-280 \u2013 acoperire unic\u0103 neatomizat\u0103 a muchiilor \u0219i vitez\u0103 de dozare, la acul cu jet SC-400 pentru micro-electronic\u0103 \u2013 [&hellip;]<\/p>\n","protected":false},"featured_media":0,"parent":0,"menu_order":0,"template":"template-product.php","meta":{"_uf_show_specific_survey":0,"_uf_disable_surveys":false},"categories":[185],"class_list":["post-290","product","type-product","status-publish","hentry","category-lacuire-selectiva"],"aioseo_notices":[],"_links":{"self":[{"href":"https:\/\/amtest-group.com\/ro\/wp-json\/wp\/v2\/product\/290","targetHints":{"allow":["GET"]}}],"collection":[{"href":"https:\/\/amtest-group.com\/ro\/wp-json\/wp\/v2\/product"}],"about":[{"href":"https:\/\/amtest-group.com\/ro\/wp-json\/wp\/v2\/types\/product"}],"wp:attachment":[{"href":"https:\/\/amtest-group.com\/ro\/wp-json\/wp\/v2\/media?parent=290"}],"wp:term":[{"taxonomy":"category","embeddable":true,"href":"https:\/\/amtest-group.com\/ro\/wp-json\/wp\/v2\/categories?post=290"}],"curies":[{"name":"wp","href":"https:\/\/api.w.org\/{rel}","templated":true}]}}