{"id":2111,"date":"2023-04-19T12:07:30","date_gmt":"2023-04-19T10:07:30","guid":{"rendered":"https:\/\/amtest.virtus3-projekti.com\/product\/autotronik-2\/"},"modified":"2023-05-25T12:31:27","modified_gmt":"2023-05-25T10:31:27","slug":"autotronik-2","status":"publish","type":"product","link":"https:\/\/amtest-group.com\/ro\/product\/autotronik-2\/","title":{"rendered":"Autotronik"},"content":{"rendered":"<p><strong>Autotronik<\/strong> este o companie global\u0103 cu aproape 200 de angaja\u021bi, specializat\u0103 \u00een echipamente de plantare componente electronice de serii mici \u0219i medii, precum \u0219i linii complete de produc\u021bie SMD.<\/p>\n<p>Angajamentul luat de companie la nivel global \u00eei permite s\u0103 combine cele mai bune componente \u00eentr-un produs remarcabil.<\/p>\n","protected":false},"excerpt":{"rendered":"<p>Autotronik este o companie global\u0103 cu aproape 200 de angaja\u021bi, specializat\u0103 \u00een echipamente de plantare componente electronice de serii mici \u0219i medii, precum \u0219i linii complete de produc\u021bie SMD. Angajamentul luat de companie la nivel global \u00eei permite s\u0103 combine cele mai bune componente \u00eentr-un produs remarcabil.<\/p>\n","protected":false},"featured_media":0,"parent":0,"menu_order":0,"template":"template-product.php","meta":{"_uf_show_specific_survey":0,"_uf_disable_surveys":false},"categories":[193],"class_list":["post-2111","product","type-product","status-publish","hentry","category-plantare-componente-electronice"],"aioseo_notices":[],"_links":{"self":[{"href":"https:\/\/amtest-group.com\/ro\/wp-json\/wp\/v2\/product\/2111","targetHints":{"allow":["GET"]}}],"collection":[{"href":"https:\/\/amtest-group.com\/ro\/wp-json\/wp\/v2\/product"}],"about":[{"href":"https:\/\/amtest-group.com\/ro\/wp-json\/wp\/v2\/types\/product"}],"wp:attachment":[{"href":"https:\/\/amtest-group.com\/ro\/wp-json\/wp\/v2\/media?parent=2111"}],"wp:term":[{"taxonomy":"category","embeddable":true,"href":"https:\/\/amtest-group.com\/ro\/wp-json\/wp\/v2\/categories?post=2111"}],"curies":[{"name":"wp","href":"https:\/\/api.w.org\/{rel}","templated":true}]}}