{"id":19756,"date":"2023-04-19T12:17:49","date_gmt":"2023-04-19T10:17:49","guid":{"rendered":"https:\/\/amtest-group.com\/product\/universal-instruments\/"},"modified":"2025-04-24T11:08:52","modified_gmt":"2025-04-24T09:08:52","slug":"universal-instruments","status":"publish","type":"product","link":"https:\/\/amtest-group.com\/ro\/product\/universal-instruments\/","title":{"rendered":"Universal Instruments"},"content":{"rendered":"<p><strong>Universal Instruments<\/strong> ofer\u0103 echipamente flexibile de asamblare.<\/p>\n<p>Compania este pozi\u021bionat\u0103 unic pentru a oferi cea mai larg\u0103 gam\u0103 din industrie de tehnologii complet integrate, expertiz\u0103 exclusiv\u0103 \u00een proces \u0219i o re\u021bea de suport de clas\u0103 mondial\u0103 pentru a furniza solu\u021bii perfect adaptate cerin\u021belor specifice.<\/p>\n","protected":false},"excerpt":{"rendered":"<p>Universal Instruments ofer\u0103 echipamente flexibile de asamblare. Compania este pozi\u021bionat\u0103 unic pentru a oferi cea mai larg\u0103 gam\u0103 din industrie de tehnologii complet integrate, expertiz\u0103 exclusiv\u0103 \u00een proces \u0219i o re\u021bea de suport de clas\u0103 mondial\u0103 pentru a furniza solu\u021bii perfect adaptate cerin\u021belor specifice.<\/p>\n","protected":false},"featured_media":0,"parent":0,"menu_order":0,"template":"template-product.php","meta":{"_uf_show_specific_survey":0,"_uf_disable_surveys":false},"categories":[196],"class_list":["post-19756","product","type-product","status-publish","hentry","category-amplasare-insertie"],"aioseo_notices":[],"_links":{"self":[{"href":"https:\/\/amtest-group.com\/ro\/wp-json\/wp\/v2\/product\/19756","targetHints":{"allow":["GET"]}}],"collection":[{"href":"https:\/\/amtest-group.com\/ro\/wp-json\/wp\/v2\/product"}],"about":[{"href":"https:\/\/amtest-group.com\/ro\/wp-json\/wp\/v2\/types\/product"}],"wp:attachment":[{"href":"https:\/\/amtest-group.com\/ro\/wp-json\/wp\/v2\/media?parent=19756"}],"wp:term":[{"taxonomy":"category","embeddable":true,"href":"https:\/\/amtest-group.com\/ro\/wp-json\/wp\/v2\/categories?post=19756"}],"curies":[{"name":"wp","href":"https:\/\/api.w.org\/{rel}","templated":true}]}}