{"id":19752,"date":"2023-12-26T12:31:25","date_gmt":"2023-12-26T11:31:25","guid":{"rendered":"https:\/\/amtest-group.com\/product\/fk-delvotec\/"},"modified":"2025-04-24T10:58:16","modified_gmt":"2025-04-24T08:58:16","slug":"fk-delvotec","status":"publish","type":"product","link":"https:\/\/amtest-group.com\/ro\/product\/fk-delvotec\/","title":{"rendered":"F&#038;K Delvotec"},"content":{"rendered":"<p><strong>F&amp;K DELVOTEC<\/strong> este un lider pozi\u021bionat global \u00een tehnologie de dimensiune medie pentru sisteme de bonding cu ultrasunete \u0219i laser.<\/p>\n<p>Compania r\u0103spunde flexibil cerin\u021belor clien\u021bilor \u0219i realizeaz\u0103 solu\u021bii de automatizare personalizate. Microelectronica, mecatronica \u0219i automatizarea proceselor reprezint\u0103 baza tehnologiei lor. Fondat\u0103 \u00een 1978, F&amp;K DELVOTEC face acum parte din Strama-MPS Maschinenbau GmbH &amp; Co. KG, un produc\u0103tor interna\u021bional renumit de ma\u0219ini speciale.<\/p>\n","protected":false},"excerpt":{"rendered":"<p>F&amp;K DELVOTEC este un lider pozi\u021bionat global \u00een tehnologie de dimensiune medie pentru sisteme de bonding cu ultrasunete \u0219i laser. Compania r\u0103spunde flexibil cerin\u021belor clien\u021bilor \u0219i realizeaz\u0103 solu\u021bii de automatizare personalizate. Microelectronica, mecatronica \u0219i automatizarea proceselor reprezint\u0103 baza tehnologiei lor. Fondat\u0103 \u00een 1978, F&amp;K DELVOTEC face acum parte din Strama-MPS Maschinenbau GmbH &amp; Co. KG, [&hellip;]<\/p>\n","protected":false},"featured_media":0,"parent":0,"menu_order":0,"template":"template-product.php","meta":{"_uf_show_specific_survey":0,"_uf_disable_surveys":false},"categories":[314],"class_list":["post-19752","product","type-product","status-publish","hentry","category-lipire-fire"],"aioseo_notices":[],"_links":{"self":[{"href":"https:\/\/amtest-group.com\/ro\/wp-json\/wp\/v2\/product\/19752","targetHints":{"allow":["GET"]}}],"collection":[{"href":"https:\/\/amtest-group.com\/ro\/wp-json\/wp\/v2\/product"}],"about":[{"href":"https:\/\/amtest-group.com\/ro\/wp-json\/wp\/v2\/types\/product"}],"wp:attachment":[{"href":"https:\/\/amtest-group.com\/ro\/wp-json\/wp\/v2\/media?parent=19752"}],"wp:term":[{"taxonomy":"category","embeddable":true,"href":"https:\/\/amtest-group.com\/ro\/wp-json\/wp\/v2\/categories?post=19752"}],"curies":[{"name":"wp","href":"https:\/\/api.w.org\/{rel}","templated":true}]}}