{"id":19750,"date":"2024-01-05T14:18:36","date_gmt":"2024-01-05T13:18:36","guid":{"rendered":"https:\/\/amtest-group.com\/product\/i-c-t-2\/"},"modified":"2025-04-24T10:55:50","modified_gmt":"2025-04-24T08:55:50","slug":"i-c-t-2","status":"publish","type":"product","link":"https:\/\/amtest-group.com\/ro\/product\/i-c-t-2\/","title":{"rendered":"I.C.T"},"content":{"rendered":"<p><strong>InterContinental Technology (I.C.T)<\/strong> a devenit un furnizor global de frunte al solu\u021biilor inteligente de echipament \u00een ultimele dou\u0103 decenii.<\/p>\n<p>Cu o prezen\u021b\u0103 solid\u0103 de 25 de ani \u00een industria Tehnologiei de Montaj pe Suprafa\u021b\u0103 (SMT), <strong>I.C.T<\/strong> este un juc\u0103tor cheie \u00een furnizarea de solu\u021bii competente pentru fabricile SMT.<\/p>\n","protected":false},"excerpt":{"rendered":"<p>InterContinental Technology (I.C.T) a devenit un furnizor global de frunte al solu\u021biilor inteligente de echipament \u00een ultimele dou\u0103 decenii. Cu o prezen\u021b\u0103 solid\u0103 de 25 de ani \u00een industria Tehnologiei de Montaj pe Suprafa\u021b\u0103 (SMT), I.C.T este un juc\u0103tor cheie \u00een furnizarea de solu\u021bii competente pentru fabricile SMT.<\/p>\n","protected":false},"featured_media":0,"parent":0,"menu_order":0,"template":"template-product.php","meta":{"_uf_show_specific_survey":0,"_uf_disable_surveys":false},"categories":[194],"class_list":["post-19750","product","type-product","status-publish","hentry","category-imprimare"],"aioseo_notices":[],"_links":{"self":[{"href":"https:\/\/amtest-group.com\/ro\/wp-json\/wp\/v2\/product\/19750","targetHints":{"allow":["GET"]}}],"collection":[{"href":"https:\/\/amtest-group.com\/ro\/wp-json\/wp\/v2\/product"}],"about":[{"href":"https:\/\/amtest-group.com\/ro\/wp-json\/wp\/v2\/types\/product"}],"wp:attachment":[{"href":"https:\/\/amtest-group.com\/ro\/wp-json\/wp\/v2\/media?parent=19750"}],"wp:term":[{"taxonomy":"category","embeddable":true,"href":"https:\/\/amtest-group.com\/ro\/wp-json\/wp\/v2\/categories?post=19750"}],"curies":[{"name":"wp","href":"https:\/\/api.w.org\/{rel}","templated":true}]}}