{"id":19731,"date":"2023-04-19T11:17:17","date_gmt":"2023-04-19T09:17:17","guid":{"rendered":"https:\/\/amtest-group.com\/product\/nordson-march\/"},"modified":"2025-04-24T10:52:40","modified_gmt":"2025-04-24T08:52:40","slug":"nordson-march","status":"publish","type":"product","link":"https:\/\/amtest-group.com\/ro\/product\/nordson-march\/","title":{"rendered":"Nordson March"},"content":{"rendered":"<p><strong>Nordson<\/strong>, lider \u00een echipamente de produc\u021bie comercial\u0103, ofer\u0103 vitez\u0103 \u0219i tratament cu plasma pentru pre-underfill, pre-molding \u0219i pre-wire bond, care \u00eembun\u0103t\u0103\u021be\u0219te aderen\u021ba \u0219i fiabilitatea produsului, asigur\u00e2nd uniformitate de tratare \u0219i consisten\u021b\u0103 a procesului f\u0103r\u0103 egal.<\/p>\n","protected":false},"excerpt":{"rendered":"<p>Nordson, lider \u00een echipamente de produc\u021bie comercial\u0103, ofer\u0103 vitez\u0103 \u0219i tratament cu plasma pentru pre-underfill, pre-molding \u0219i pre-wire bond, care \u00eembun\u0103t\u0103\u021be\u0219te aderen\u021ba \u0219i fiabilitatea produsului, asigur\u00e2nd uniformitate de tratare \u0219i consisten\u021b\u0103 a procesului f\u0103r\u0103 egal.<\/p>\n","protected":false},"featured_media":0,"parent":0,"menu_order":0,"template":"template-product.php","meta":{"_uf_show_specific_survey":0,"_uf_disable_surveys":false},"categories":[186],"class_list":["post-19731","product","type-product","status-publish","hentry","category-activare-plasma"],"aioseo_notices":[],"_links":{"self":[{"href":"https:\/\/amtest-group.com\/ro\/wp-json\/wp\/v2\/product\/19731","targetHints":{"allow":["GET"]}}],"collection":[{"href":"https:\/\/amtest-group.com\/ro\/wp-json\/wp\/v2\/product"}],"about":[{"href":"https:\/\/amtest-group.com\/ro\/wp-json\/wp\/v2\/types\/product"}],"wp:attachment":[{"href":"https:\/\/amtest-group.com\/ro\/wp-json\/wp\/v2\/media?parent=19731"}],"wp:term":[{"taxonomy":"category","embeddable":true,"href":"https:\/\/amtest-group.com\/ro\/wp-json\/wp\/v2\/categories?post=19731"}],"curies":[{"name":"wp","href":"https:\/\/api.w.org\/{rel}","templated":true}]}}