{"id":19729,"date":"2024-01-05T15:53:24","date_gmt":"2024-01-05T14:53:24","guid":{"rendered":"https:\/\/amtest-group.com\/product\/universal-instruments-2\/"},"modified":"2025-04-24T10:45:58","modified_gmt":"2025-04-24T08:45:58","slug":"universal-instruments-2","status":"publish","type":"product","link":"https:\/\/amtest-group.com\/ro\/product\/universal-instruments-2\/","title":{"rendered":"Universal Instruments"},"content":{"rendered":"<p><strong>Universal Instruments<\/strong> ofer\u0103 echipamente flexibile de asamblare.<\/p>\n<p>Compania este unic pozi\u021bionat\u0103 pentru a oferi cea mai larg\u0103 gam\u0103 de tehnologii complet integrate din industrie, expertiz\u0103 exclusiv\u0103 \u00een proces \u0219i o re\u021bea de suport de clas\u0103 mondial\u0103 pentru a furniza solu\u021bii perfecte adaptate cerin\u021belor specifice.<\/p>\n","protected":false},"excerpt":{"rendered":"<p>Universal Instruments ofer\u0103 echipamente flexibile de asamblare. Compania este unic pozi\u021bionat\u0103 pentru a oferi cea mai larg\u0103 gam\u0103 de tehnologii complet integrate din industrie, expertiz\u0103 exclusiv\u0103 \u00een proces \u0219i o re\u021bea de suport de clas\u0103 mondial\u0103 pentru a furniza solu\u021bii perfecte adaptate cerin\u021belor specifice.<\/p>\n","protected":false},"featured_media":0,"parent":0,"menu_order":0,"template":"template-product.php","meta":{"_uf_show_specific_survey":0,"_uf_disable_surveys":false},"categories":[193],"class_list":["post-19729","product","type-product","status-publish","hentry","category-plantare-componente-electronice"],"aioseo_notices":[],"_links":{"self":[{"href":"https:\/\/amtest-group.com\/ro\/wp-json\/wp\/v2\/product\/19729","targetHints":{"allow":["GET"]}}],"collection":[{"href":"https:\/\/amtest-group.com\/ro\/wp-json\/wp\/v2\/product"}],"about":[{"href":"https:\/\/amtest-group.com\/ro\/wp-json\/wp\/v2\/types\/product"}],"wp:attachment":[{"href":"https:\/\/amtest-group.com\/ro\/wp-json\/wp\/v2\/media?parent=19729"}],"wp:term":[{"taxonomy":"category","embeddable":true,"href":"https:\/\/amtest-group.com\/ro\/wp-json\/wp\/v2\/categories?post=19729"}],"curies":[{"name":"wp","href":"https:\/\/api.w.org\/{rel}","templated":true}]}}