{"id":19726,"date":"2023-11-13T02:45:33","date_gmt":"2023-11-13T01:45:33","guid":{"rendered":"https:\/\/amtest-group.com\/product\/mstech-5\/"},"modified":"2025-04-24T10:40:48","modified_gmt":"2025-04-24T08:40:48","slug":"mstech-5","status":"publish","type":"product","link":"https:\/\/amtest-group.com\/ro\/product\/mstech-5\/","title":{"rendered":"MSTech"},"content":{"rendered":"<p><strong>MSTECH<\/strong>, \u00eenregistrat\u0103 \u00een 1996, are peste 20 de ani de experien\u021b\u0103 \u00een furnizarea de solu\u021bii de automatizare pentru industria electronic\u0103, specializ\u00e2ndu-se \u00een depanelare.<\/p>\n<p>De-a lungul anilor, compania se afirm\u0103 ca lider \u00een diverse sectoare precum electronicele de consum, telefoanele mobile \u0219i industria auto, dep\u0103\u0219ind cerin\u021bele celor mai exigente standarde ale companiilor de top.<\/p>\n","protected":false},"excerpt":{"rendered":"<p>MSTECH, \u00eenregistrat\u0103 \u00een 1996, are peste 20 de ani de experien\u021b\u0103 \u00een furnizarea de solu\u021bii de automatizare pentru industria electronic\u0103, specializ\u00e2ndu-se \u00een depanelare. De-a lungul anilor, compania se afirm\u0103 ca lider \u00een diverse sectoare precum electronicele de consum, telefoanele mobile \u0219i industria auto, dep\u0103\u0219ind cerin\u021bele celor mai exigente standarde ale companiilor de top.<\/p>\n","protected":false},"featured_media":0,"parent":0,"menu_order":0,"template":"template-product.php","meta":{"_uf_show_specific_survey":0,"_uf_disable_surveys":false},"categories":[312],"class_list":["post-19726","product","type-product","status-publish","hentry","category-cuptoare-de-uscare"],"aioseo_notices":[],"_links":{"self":[{"href":"https:\/\/amtest-group.com\/ro\/wp-json\/wp\/v2\/product\/19726","targetHints":{"allow":["GET"]}}],"collection":[{"href":"https:\/\/amtest-group.com\/ro\/wp-json\/wp\/v2\/product"}],"about":[{"href":"https:\/\/amtest-group.com\/ro\/wp-json\/wp\/v2\/types\/product"}],"wp:attachment":[{"href":"https:\/\/amtest-group.com\/ro\/wp-json\/wp\/v2\/media?parent=19726"}],"wp:term":[{"taxonomy":"category","embeddable":true,"href":"https:\/\/amtest-group.com\/ro\/wp-json\/wp\/v2\/categories?post=19726"}],"curies":[{"name":"wp","href":"https:\/\/api.w.org\/{rel}","templated":true}]}}