{"id":19724,"date":"2024-09-16T13:30:47","date_gmt":"2024-09-16T11:30:47","guid":{"rendered":"https:\/\/amtest-group.com\/product\/exelsius-3\/"},"modified":"2025-04-24T10:38:46","modified_gmt":"2025-04-24T08:38:46","slug":"exelsius-3","status":"publish","type":"product","link":"https:\/\/amtest-group.com\/ro\/product\/exelsius-3\/","title":{"rendered":"Exelsius"},"content":{"rendered":"<p><strong>Exelsius<\/strong>, lider \u00een tehnologii avansate de uscare, ofer\u0103 o gam\u0103 de cuptoare de \u00eenalt\u0103 performan\u021b\u0103 proiectate pentru aplica\u021bii industriale.<\/p>\n<p>Cu un accent pe eficien\u021b\u0103, siguran\u021b\u0103 \u0219i versatilitate, seria UV-9 include cuptoare de uscare UV LED \u0219i UV ARC, \u00een timp ce cuptorul XCC IR este specializat \u00een uscare prin infraro\u0219u (IR). Aceste sisteme de ultim\u0103 genera\u021bie sunt adaptate pentru nevoile \u00een evolu\u021bie rapida ale proceselor de acoperire \u0219i lipire, oferind solu\u021bii adaptabile pentru diverse industrii.<\/p>\n","protected":false},"excerpt":{"rendered":"<p>Exelsius, lider \u00een tehnologii avansate de uscare, ofer\u0103 o gam\u0103 de cuptoare de \u00eenalt\u0103 performan\u021b\u0103 proiectate pentru aplica\u021bii industriale. Cu un accent pe eficien\u021b\u0103, siguran\u021b\u0103 \u0219i versatilitate, seria UV-9 include cuptoare de uscare UV LED \u0219i UV ARC, \u00een timp ce cuptorul XCC IR este specializat \u00een uscare prin infraro\u0219u (IR). Aceste sisteme de ultim\u0103 [&hellip;]<\/p>\n","protected":false},"featured_media":0,"parent":0,"menu_order":0,"template":"template-product.php","meta":{"_uf_show_specific_survey":0,"_uf_disable_surveys":false},"categories":[312],"class_list":["post-19724","product","type-product","status-publish","hentry","category-cuptoare-de-uscare"],"aioseo_notices":[],"_links":{"self":[{"href":"https:\/\/amtest-group.com\/ro\/wp-json\/wp\/v2\/product\/19724","targetHints":{"allow":["GET"]}}],"collection":[{"href":"https:\/\/amtest-group.com\/ro\/wp-json\/wp\/v2\/product"}],"about":[{"href":"https:\/\/amtest-group.com\/ro\/wp-json\/wp\/v2\/types\/product"}],"wp:attachment":[{"href":"https:\/\/amtest-group.com\/ro\/wp-json\/wp\/v2\/media?parent=19724"}],"wp:term":[{"taxonomy":"category","embeddable":true,"href":"https:\/\/amtest-group.com\/ro\/wp-json\/wp\/v2\/categories?post=19724"}],"curies":[{"name":"wp","href":"https:\/\/api.w.org\/{rel}","templated":true}]}}