{"id":19722,"date":"2024-01-05T14:07:14","date_gmt":"2024-01-05T13:07:14","guid":{"rendered":"https:\/\/amtest-group.com\/product\/i-c-t\/"},"modified":"2025-04-24T10:36:09","modified_gmt":"2025-04-24T08:36:09","slug":"i-c-t","status":"publish","type":"product","link":"https:\/\/amtest-group.com\/ro\/product\/i-c-t\/","title":{"rendered":"I.C.T"},"content":{"rendered":"<p><strong>InterContinental Technology (I.C.T)<\/strong> apare ca un furnizor global de frunte al solu\u021biilor inteligente pentru echipamente \u00een ultimele dou\u0103 decenii.<\/p>\n<p>Cu o prezen\u021b\u0103 robust\u0103 de 25 de ani \u00een industria Tehnologiei de Montaj pe Suprafa\u021b\u0103 (SMT), I.C.T este un juc\u0103tor cheie \u00een furnizarea de solu\u021bii experimentate pentru fabricile SMT.<\/p>\n","protected":false},"excerpt":{"rendered":"<p>InterContinental Technology (I.C.T) apare ca un furnizor global de frunte al solu\u021biilor inteligente pentru echipamente \u00een ultimele dou\u0103 decenii. Cu o prezen\u021b\u0103 robust\u0103 de 25 de ani \u00een industria Tehnologiei de Montaj pe Suprafa\u021b\u0103 (SMT), I.C.T este un juc\u0103tor cheie \u00een furnizarea de solu\u021bii experimentate pentru fabricile SMT.<\/p>\n","protected":false},"featured_media":0,"parent":0,"menu_order":0,"template":"template-product.php","meta":{"_uf_show_specific_survey":0,"_uf_disable_surveys":false},"categories":[195],"class_list":["post-19722","product","type-product","status-publish","hentry","category-cuptoare-cu-convectie"],"aioseo_notices":[],"_links":{"self":[{"href":"https:\/\/amtest-group.com\/ro\/wp-json\/wp\/v2\/product\/19722","targetHints":{"allow":["GET"]}}],"collection":[{"href":"https:\/\/amtest-group.com\/ro\/wp-json\/wp\/v2\/product"}],"about":[{"href":"https:\/\/amtest-group.com\/ro\/wp-json\/wp\/v2\/types\/product"}],"wp:attachment":[{"href":"https:\/\/amtest-group.com\/ro\/wp-json\/wp\/v2\/media?parent=19722"}],"wp:term":[{"taxonomy":"category","embeddable":true,"href":"https:\/\/amtest-group.com\/ro\/wp-json\/wp\/v2\/categories?post=19722"}],"curies":[{"name":"wp","href":"https:\/\/api.w.org\/{rel}","templated":true}]}}