{"id":19721,"date":"2023-04-19T11:10:51","date_gmt":"2023-04-19T09:10:51","guid":{"rendered":"https:\/\/amtest-group.com\/product\/mstech-3\/"},"modified":"2025-04-24T10:26:33","modified_gmt":"2025-04-24T08:26:33","slug":"mstech-3","status":"publish","type":"product","link":"https:\/\/amtest-group.com\/ro\/product\/mstech-3\/","title":{"rendered":"MSTech"},"content":{"rendered":"<p><strong>MSTECH<\/strong>, \u00eenregistrat\u0103 \u00een 1996, are peste 20 de ani de experien\u021b\u0103 \u00een furnizarea de solu\u021bii de automatizare pentru industria electronic\u0103, specializ\u00e2ndu-se \u00een depanelare.<\/p>\n<p>De-a lungul anilor, compania s-a impus ca lider \u00een diverse sectoare precum electronice de consum, telefoane mobile \u0219i industria auto, dep\u0103\u0219ind cerin\u021bele chiar \u0219i celor mai exigente standarde ale companiilor de top.<\/p>\n","protected":false},"excerpt":{"rendered":"<p>MSTECH, \u00eenregistrat\u0103 \u00een 1996, are peste 20 de ani de experien\u021b\u0103 \u00een furnizarea de solu\u021bii de automatizare pentru industria electronic\u0103, specializ\u00e2ndu-se \u00een depanelare. De-a lungul anilor, compania s-a impus ca lider \u00een diverse sectoare precum electronice de consum, telefoane mobile \u0219i industria auto, dep\u0103\u0219ind cerin\u021bele chiar \u0219i celor mai exigente standarde ale companiilor de top.<\/p>\n","protected":false},"featured_media":0,"parent":0,"menu_order":0,"template":"template-product.php","meta":{"_uf_show_specific_survey":0,"_uf_disable_surveys":false},"categories":[187],"class_list":["post-19721","product","type-product","status-publish","hentry","category-inspectia-acoperirii-cu-strat-protector"],"aioseo_notices":[],"_links":{"self":[{"href":"https:\/\/amtest-group.com\/ro\/wp-json\/wp\/v2\/product\/19721","targetHints":{"allow":["GET"]}}],"collection":[{"href":"https:\/\/amtest-group.com\/ro\/wp-json\/wp\/v2\/product"}],"about":[{"href":"https:\/\/amtest-group.com\/ro\/wp-json\/wp\/v2\/types\/product"}],"wp:attachment":[{"href":"https:\/\/amtest-group.com\/ro\/wp-json\/wp\/v2\/media?parent=19721"}],"wp:term":[{"taxonomy":"category","embeddable":true,"href":"https:\/\/amtest-group.com\/ro\/wp-json\/wp\/v2\/categories?post=19721"}],"curies":[{"name":"wp","href":"https:\/\/api.w.org\/{rel}","templated":true}]}}