{"id":19719,"date":"2024-01-05T16:00:10","date_gmt":"2024-01-05T15:00:10","guid":{"rendered":"https:\/\/amtest-group.com\/product\/universal-instruments-3\/"},"modified":"2025-04-24T10:24:33","modified_gmt":"2025-04-24T08:24:33","slug":"universal-instruments-3","status":"publish","type":"product","link":"https:\/\/amtest-group.com\/ro\/product\/universal-instruments-3\/","title":{"rendered":"Universal Instruments"},"content":{"rendered":"<p><strong>Universal Instruments<\/strong> ofer\u0103 echipamente flexibile pentru asamblare.<\/p>\n<p>Compania este pozi\u021bionat\u0103 unic oferind cea mai larg\u0103 gam\u0103 din industrie de tehnologii complet integrate, expertiz\u0103 exclusiv\u0103 \u00een proces \u0219i o re\u021bea de suport de clas\u0103 mondial\u0103 pentru a furniza solu\u021bii perfecte pentru cerin\u021be specifice.<\/p>\n","protected":false},"excerpt":{"rendered":"<p>Universal Instruments ofer\u0103 echipamente flexibile pentru asamblare. Compania este pozi\u021bionat\u0103 unic oferind cea mai larg\u0103 gam\u0103 din industrie de tehnologii complet integrate, expertiz\u0103 exclusiv\u0103 \u00een proces \u0219i o re\u021bea de suport de clas\u0103 mondial\u0103 pentru a furniza solu\u021bii perfecte pentru cerin\u021be specifice.<\/p>\n","protected":false},"featured_media":0,"parent":0,"menu_order":0,"template":"template-product.php","meta":{"_uf_show_specific_survey":0,"_uf_disable_surveys":false},"categories":[311],"class_list":["post-19719","product","type-product","status-publish","hentry","category-procese-avansate"],"aioseo_notices":[],"_links":{"self":[{"href":"https:\/\/amtest-group.com\/ro\/wp-json\/wp\/v2\/product\/19719","targetHints":{"allow":["GET"]}}],"collection":[{"href":"https:\/\/amtest-group.com\/ro\/wp-json\/wp\/v2\/product"}],"about":[{"href":"https:\/\/amtest-group.com\/ro\/wp-json\/wp\/v2\/types\/product"}],"wp:attachment":[{"href":"https:\/\/amtest-group.com\/ro\/wp-json\/wp\/v2\/media?parent=19719"}],"wp:term":[{"taxonomy":"category","embeddable":true,"href":"https:\/\/amtest-group.com\/ro\/wp-json\/wp\/v2\/categories?post=19719"}],"curies":[{"name":"wp","href":"https:\/\/api.w.org\/{rel}","templated":true}]}}