{"id":360,"date":"2023-03-24T08:35:10","date_gmt":"2023-03-24T07:35:10","guid":{"rendered":"https:\/\/amtest.virtus3-projekti.com\/contact\/"},"modified":"2023-04-25T12:04:39","modified_gmt":"2023-04-25T10:04:39","slug":"contact","status":"publish","type":"page","link":"https:\/\/amtest-group.com\/ro\/contact\/","title":{"rendered":"Contact"},"content":{"rendered":"<p>Ne-am bucura sa primim vesti de la tine! V\u0103 rug\u0103m s\u0103 completa\u021bi formularul de mai jos pentru a ne\u00a0contacta.<\/p>\n","protected":false},"excerpt":{"rendered":"<p>Ne-am bucura sa primim vesti de la tine! V\u0103 rug\u0103m s\u0103 completa\u021bi formularul de mai jos pentru a ne\u00a0contacta.<\/p>\n","protected":false},"author":1,"featured_media":1189,"parent":0,"menu_order":0,"comment_status":"closed","ping_status":"closed","template":"template-contact.php","meta":{"_uf_show_specific_survey":0,"_uf_disable_surveys":false,"footnotes":""},"class_list":["post-360","page","type-page","status-publish","has-post-thumbnail","hentry"],"aioseo_notices":[],"_links":{"self":[{"href":"https:\/\/amtest-group.com\/ro\/wp-json\/wp\/v2\/pages\/360","targetHints":{"allow":["GET"]}}],"collection":[{"href":"https:\/\/amtest-group.com\/ro\/wp-json\/wp\/v2\/pages"}],"about":[{"href":"https:\/\/amtest-group.com\/ro\/wp-json\/wp\/v2\/types\/page"}],"author":[{"embeddable":true,"href":"https:\/\/amtest-group.com\/ro\/wp-json\/wp\/v2\/users\/1"}],"replies":[{"embeddable":true,"href":"https:\/\/amtest-group.com\/ro\/wp-json\/wp\/v2\/comments?post=360"}],"version-history":[{"count":7,"href":"https:\/\/amtest-group.com\/ro\/wp-json\/wp\/v2\/pages\/360\/revisions"}],"predecessor-version":[{"id":1197,"href":"https:\/\/amtest-group.com\/ro\/wp-json\/wp\/v2\/pages\/360\/revisions\/1197"}],"wp:featuredmedia":[{"embeddable":true,"href":"https:\/\/amtest-group.com\/ro\/wp-json\/wp\/v2\/media\/1189"}],"wp:attachment":[{"href":"https:\/\/amtest-group.com\/ro\/wp-json\/wp\/v2\/media?parent=360"}],"curies":[{"name":"wp","href":"https:\/\/api.w.org\/{rel}","templated":true}]}}