{"id":5085,"date":"2023-05-12T11:11:54","date_gmt":"2023-05-12T09:11:54","guid":{"rendered":"https:\/\/amtest-group.com\/product\/nordson-asymtek-3\/"},"modified":"2023-09-27T08:21:06","modified_gmt":"2023-09-27T06:21:06","slug":"nordson-asymtek-3","status":"publish","type":"product","link":"https:\/\/amtest-group.com\/pl\/product\/nordson-asymtek-3\/","title":{"rendered":"Nordson Asymtek"},"content":{"rendered":"<p><strong>Nordson Asymtek<\/strong> \u2013 sp\u00f3\u0142ka notowana na gie\u0142dzie NASDAQ, z zak\u0142adami produkcyjnymi w Stanach Zjednoczonych \u2013 oferuje wyr\u00f3\u017cnione nagrodami zautomatyzowane systemy i urz\u0105dzenia do dozowania materia\u0142\u00f3w, zapewniaj\u0105ce szybko\u015b\u0107, precyzj\u0119 i elastyczno\u015b\u0107 niezb\u0119dne do precyzyjnych i wymagaj\u0105cych zastosowa\u0144.<\/p>\n<p>Dodatkowo, dost\u0119pne s\u0105 docenione przez bran\u017c\u0119 dysze i zawory, umo\u017cliwiaj\u0105ce dozowanie szerokiej gamy materia\u0142\u00f3w, aby sprosta\u0107 r\u00f3\u017cnorodnym wymaganiom dozowania.<\/p>\n","protected":false},"excerpt":{"rendered":"<p>Nordson Asymtek \u2013 sp\u00f3\u0142ka notowana na gie\u0142dzie NASDAQ, z zak\u0142adami produkcyjnymi w Stanach Zjednoczonych \u2013 oferuje wyr\u00f3\u017cnione nagrodami zautomatyzowane systemy i urz\u0105dzenia do dozowania materia\u0142\u00f3w, zapewniaj\u0105ce szybko\u015b\u0107, precyzj\u0119 i elastyczno\u015b\u0107 niezb\u0119dne do precyzyjnych i wymagaj\u0105cych zastosowa\u0144. Dodatkowo, dost\u0119pne s\u0105 docenione przez bran\u017c\u0119 dysze i zawory, umo\u017cliwiaj\u0105ce dozowanie szerokiej gamy materia\u0142\u00f3w, aby sprosta\u0107 r\u00f3\u017cnorodnym wymaganiom dozowania.<\/p>\n","protected":false},"featured_media":0,"parent":0,"menu_order":0,"template":"template-product.php","meta":{"_uf_show_specific_survey":0,"_uf_disable_surveys":false},"categories":[253],"class_list":["post-5085","product","type-product","status-publish","hentry","category-dozowanie"],"aioseo_notices":[],"_links":{"self":[{"href":"https:\/\/amtest-group.com\/pl\/wp-json\/wp\/v2\/product\/5085","targetHints":{"allow":["GET"]}}],"collection":[{"href":"https:\/\/amtest-group.com\/pl\/wp-json\/wp\/v2\/product"}],"about":[{"href":"https:\/\/amtest-group.com\/pl\/wp-json\/wp\/v2\/types\/product"}],"wp:attachment":[{"href":"https:\/\/amtest-group.com\/pl\/wp-json\/wp\/v2\/media?parent=5085"}],"wp:term":[{"taxonomy":"category","embeddable":true,"href":"https:\/\/amtest-group.com\/pl\/wp-json\/wp\/v2\/categories?post=5085"}],"curies":[{"name":"wp","href":"https:\/\/api.w.org\/{rel}","templated":true}]}}