{"id":5083,"date":"2023-04-19T11:20:13","date_gmt":"2023-04-19T09:20:13","guid":{"rendered":"https:\/\/amtest-group.com\/product\/norsdon-asymtek-2\/"},"modified":"2023-09-27T08:17:09","modified_gmt":"2023-09-27T06:17:09","slug":"norsdon-asymtek-2","status":"publish","type":"product","link":"https:\/\/amtest-group.com\/pl\/product\/norsdon-asymtek-2\/","title":{"rendered":"Nordson Asymtek"},"content":{"rendered":"<p>Po udanym przedstawieniu koncepcji ACI &#8211; optycznej inspekcji powlekania, <strong>Norsdon Asymtek<\/strong> FX-940 UV ACI sta\u0142 si\u0119 integraln\u0105 cz\u0119\u015bci\u0105 Zintegrowanej Linii Powlekania Konformalnego, wyposa\u017conej w funkcje monitorowania, i obecnie jest liderem w zakresie inspekcji powlekania konformalnego i dozowania.<\/p>\n","protected":false},"excerpt":{"rendered":"<p>Po udanym przedstawieniu koncepcji ACI &#8211; optycznej inspekcji powlekania, Norsdon Asymtek FX-940 UV ACI sta\u0142 si\u0119 integraln\u0105 cz\u0119\u015bci\u0105 Zintegrowanej Linii Powlekania Konformalnego, wyposa\u017conej w funkcje monitorowania, i obecnie jest liderem w zakresie inspekcji powlekania konformalnego i dozowania.<\/p>\n","protected":false},"featured_media":0,"parent":0,"menu_order":0,"template":"template-product.php","meta":{"_uf_show_specific_survey":0,"_uf_disable_surveys":false},"categories":[259],"class_list":["post-5083","product","type-product","status-publish","hentry","category-inspekcja-powlok"],"aioseo_notices":[],"_links":{"self":[{"href":"https:\/\/amtest-group.com\/pl\/wp-json\/wp\/v2\/product\/5083","targetHints":{"allow":["GET"]}}],"collection":[{"href":"https:\/\/amtest-group.com\/pl\/wp-json\/wp\/v2\/product"}],"about":[{"href":"https:\/\/amtest-group.com\/pl\/wp-json\/wp\/v2\/types\/product"}],"wp:attachment":[{"href":"https:\/\/amtest-group.com\/pl\/wp-json\/wp\/v2\/media?parent=5083"}],"wp:term":[{"taxonomy":"category","embeddable":true,"href":"https:\/\/amtest-group.com\/pl\/wp-json\/wp\/v2\/categories?post=5083"}],"curies":[{"name":"wp","href":"https:\/\/api.w.org\/{rel}","templated":true}]}}