{"id":5081,"date":"2023-04-19T11:15:52","date_gmt":"2023-04-19T09:15:52","guid":{"rendered":"https:\/\/amtest-group.com\/product\/nordson-asymtek\/"},"modified":"2023-09-27T08:14:09","modified_gmt":"2023-09-27T06:14:09","slug":"nordson-asymtek","status":"publish","type":"product","link":"https:\/\/amtest-group.com\/pl\/product\/nordson-asymtek\/","title":{"rendered":"Nordson Asymtek"},"content":{"rendered":"<p><strong>Nordson<\/strong>, sp\u00f3\u0142ka notowana na gie\u0142dzie NASDAQ z zak\u0142adami produkcyjnymi w Stanach Zjednoczonych, jest wiod\u0105cym \u015bwiatowym dostawc\u0105 rozwi\u0105za\u0144 do pokry\u0107 konformalnych.<\/p>\n<p>Ich technologia zawor\u00f3w jest niezr\u00f3wnana &#8211; pocz\u0105wszy od zaworu do pokrywania filmem &#8211; SC-280 &#8211; zapewniaj\u0105cego nieatomizowane, unikalnie dok\u0142adne okre\u015blenie kraw\u0119dzi pow\u0142oki i szybko\u015b\u0107 dozowania, a\u017c po ig\u0142owy zaw\u00f3r SC-400 do zastosowa\u0144 w mikroelektronice &#8211; wszystko to wspierane kontrol\u0105 procesu, obejmuj\u0105c\u0105 kontrol\u0119 szeroko\u015bci strumienia materia\u0142u za pomoc\u0105 lasera, systemy ogrzewania obiegu i monitorowanie i kontrolowanie przep\u0142ywu.<\/p>\n","protected":false},"excerpt":{"rendered":"<p>Nordson, sp\u00f3\u0142ka notowana na gie\u0142dzie NASDAQ z zak\u0142adami produkcyjnymi w Stanach Zjednoczonych, jest wiod\u0105cym \u015bwiatowym dostawc\u0105 rozwi\u0105za\u0144 do pokry\u0107 konformalnych. Ich technologia zawor\u00f3w jest niezr\u00f3wnana &#8211; pocz\u0105wszy od zaworu do pokrywania filmem &#8211; SC-280 &#8211; zapewniaj\u0105cego nieatomizowane, unikalnie dok\u0142adne okre\u015blenie kraw\u0119dzi pow\u0142oki i szybko\u015b\u0107 dozowania, a\u017c po ig\u0142owy zaw\u00f3r SC-400 do zastosowa\u0144 w mikroelektronice &#8211; [&hellip;]<\/p>\n","protected":false},"featured_media":0,"parent":0,"menu_order":0,"template":"template-product.php","meta":{"_uf_show_specific_survey":0,"_uf_disable_surveys":false},"categories":[260],"class_list":["post-5081","product","type-product","status-publish","hentry","category-pokrycia-selektywne"],"aioseo_notices":[],"_links":{"self":[{"href":"https:\/\/amtest-group.com\/pl\/wp-json\/wp\/v2\/product\/5081","targetHints":{"allow":["GET"]}}],"collection":[{"href":"https:\/\/amtest-group.com\/pl\/wp-json\/wp\/v2\/product"}],"about":[{"href":"https:\/\/amtest-group.com\/pl\/wp-json\/wp\/v2\/types\/product"}],"wp:attachment":[{"href":"https:\/\/amtest-group.com\/pl\/wp-json\/wp\/v2\/media?parent=5081"}],"wp:term":[{"taxonomy":"category","embeddable":true,"href":"https:\/\/amtest-group.com\/pl\/wp-json\/wp\/v2\/categories?post=5081"}],"curies":[{"name":"wp","href":"https:\/\/api.w.org\/{rel}","templated":true}]}}