{"id":30834,"date":"2026-01-02T08:32:17","date_gmt":"2026-01-02T07:32:17","guid":{"rendered":"https:\/\/amtest-group.com\/product\/nordson-ti\/"},"modified":"2026-01-30T10:08:40","modified_gmt":"2026-01-30T09:08:40","slug":"nordson-ti","status":"publish","type":"product","link":"https:\/\/amtest-group.com\/pl\/product\/nordson-ti\/","title":{"rendered":"Nordson Test &#038; Inspection"},"content":{"rendered":"<p><strong>Nordson Test &amp; Inspection<\/strong> wyznacza kierunek rozwoju optycznej kontroli jako\u015bci, dostarczaj\u0105c inteligentne, wysokoprecyzyjne rozwi\u0105zania dla nowoczesnej produkcji elektroniki.<\/p>\n<p>Systemy AOI oraz inspekcji 3D \u0142\u0105cz\u0105 zaawansowane technologie obrazowania, algorytmy sztucznej inteligencji oraz analiz\u0119 danych w czasie rzeczywistym, umo\u017cliwiaj\u0105c wykrywanie nawet najmniejszych defekt\u00f3w z wyj\u0105tkow\u0105 dok\u0142adno\u015bci\u0105.<\/p>\n","protected":false},"excerpt":{"rendered":"<p>Nordson Test &amp; Inspection wyznacza kierunek rozwoju optycznej kontroli jako\u015bci, dostarczaj\u0105c inteligentne, wysokoprecyzyjne rozwi\u0105zania dla nowoczesnej produkcji elektroniki. Systemy AOI oraz inspekcji 3D \u0142\u0105cz\u0105 zaawansowane technologie obrazowania, algorytmy sztucznej inteligencji oraz analiz\u0119 danych w czasie rzeczywistym, umo\u017cliwiaj\u0105c wykrywanie nawet najmniejszych defekt\u00f3w z wyj\u0105tkow\u0105 dok\u0142adno\u015bci\u0105.<\/p>\n","protected":false},"featured_media":0,"parent":0,"menu_order":0,"template":"template-product.php","meta":{"_uf_show_specific_survey":0,"_uf_disable_surveys":false},"categories":[330,340],"class_list":["post-30834","product","type-product","status-publish","hentry","category-inspekcja-optyczna","category-smt-3d-aoi"],"aioseo_notices":[],"_links":{"self":[{"href":"https:\/\/amtest-group.com\/pl\/wp-json\/wp\/v2\/product\/30834","targetHints":{"allow":["GET"]}}],"collection":[{"href":"https:\/\/amtest-group.com\/pl\/wp-json\/wp\/v2\/product"}],"about":[{"href":"https:\/\/amtest-group.com\/pl\/wp-json\/wp\/v2\/types\/product"}],"wp:attachment":[{"href":"https:\/\/amtest-group.com\/pl\/wp-json\/wp\/v2\/media?parent=30834"}],"wp:term":[{"taxonomy":"category","embeddable":true,"href":"https:\/\/amtest-group.com\/pl\/wp-json\/wp\/v2\/categories?post=30834"}],"curies":[{"name":"wp","href":"https:\/\/api.w.org\/{rel}","templated":true}]}}