{"id":30793,"date":"2026-01-02T08:14:44","date_gmt":"2026-01-02T07:14:44","guid":{"rendered":"https:\/\/amtest-group.com\/product\/maker-ray-2\/"},"modified":"2026-01-29T10:36:52","modified_gmt":"2026-01-29T09:36:52","slug":"maker-ray-2","status":"publish","type":"product","link":"https:\/\/amtest-group.com\/pl\/product\/maker-ray-2\/","title":{"rendered":"MAKER-RAY"},"content":{"rendered":"<p><strong>MAKER-RAY<\/strong> jest przedsi\u0119biorstwem zorientowanym produktowo, specjalizuj\u0105cym si\u0119 w inteligentnych rozwi\u0105zaniach optycznej kontroli jako\u015bci, ze szczeg\u00f3lnym ukierunkowaniem na systemy AOI wspierane algorytmami sztucznej inteligencji, przeznaczone do proces\u00f3w THT, SMT oraz inspekcji pow\u0142ok ochronnych.<\/p>\n<p>Dzi\u0119ki wykorzystaniu zaawansowanych algorytm\u00f3w g\u0142\u0119bokiego uczenia (deep learning), <strong>MAKER-RAY<\/strong> znacz\u0105co zwi\u0119ksza efektywno\u015b\u0107 programowania oraz dok\u0142adno\u015b\u0107 detekcji defekt\u00f3w, jednocze\u015bnie istotnie redukuj\u0105c liczb\u0119 fa\u0142szywych wskaza\u0144 (false calls), skutecznie przezwyci\u0119\u017caj\u0105c ograniczenia tradycyjnych technologii inspekcyjnych.<\/p>\n","protected":false},"excerpt":{"rendered":"<p>MAKER-RAY jest przedsi\u0119biorstwem zorientowanym produktowo, specjalizuj\u0105cym si\u0119 w inteligentnych rozwi\u0105zaniach optycznej kontroli jako\u015bci, ze szczeg\u00f3lnym ukierunkowaniem na systemy AOI wspierane algorytmami sztucznej inteligencji, przeznaczone do proces\u00f3w THT, SMT oraz inspekcji pow\u0142ok ochronnych. Dzi\u0119ki wykorzystaniu zaawansowanych algorytm\u00f3w g\u0142\u0119bokiego uczenia (deep learning), MAKER-RAY znacz\u0105co zwi\u0119ksza efektywno\u015b\u0107 programowania oraz dok\u0142adno\u015b\u0107 detekcji defekt\u00f3w, jednocze\u015bnie istotnie redukuj\u0105c liczb\u0119 fa\u0142szywych wskaza\u0144 [&hellip;]<\/p>\n","protected":false},"featured_media":0,"parent":0,"menu_order":0,"template":"template-product.php","meta":{"_uf_show_specific_survey":0,"_uf_disable_surveys":false},"categories":[330,339],"class_list":["post-30793","product","type-product","status-publish","hentry","category-inspekcja-optyczna","category-smt-2d-aoi-przed-piecem-reflow"],"aioseo_notices":[],"_links":{"self":[{"href":"https:\/\/amtest-group.com\/pl\/wp-json\/wp\/v2\/product\/30793","targetHints":{"allow":["GET"]}}],"collection":[{"href":"https:\/\/amtest-group.com\/pl\/wp-json\/wp\/v2\/product"}],"about":[{"href":"https:\/\/amtest-group.com\/pl\/wp-json\/wp\/v2\/types\/product"}],"wp:attachment":[{"href":"https:\/\/amtest-group.com\/pl\/wp-json\/wp\/v2\/media?parent=30793"}],"wp:term":[{"taxonomy":"category","embeddable":true,"href":"https:\/\/amtest-group.com\/pl\/wp-json\/wp\/v2\/categories?post=30793"}],"curies":[{"name":"wp","href":"https:\/\/api.w.org\/{rel}","templated":true}]}}